{"id":642,"date":"2017-10-02T18:00:18","date_gmt":"2017-10-02T16:00:18","guid":{"rendered":"https:\/\/filicumis.com\/propuesta\/filicumis\/"},"modified":"2022-05-04T18:37:16","modified_gmt":"2022-05-04T16:37:16","slug":"filicumis","status":"publish","type":"page","link":"https:\/\/filicumis.com\/ca\/filicumis\/","title":{"rendered":"Filicumis"},"content":{"rendered":"<section class=\"section  text-normal section-text-no-shadow section-inner-no-shadow section-normal section-opaque\"  >\n    \n    <div class=\"background-overlay grid-overlay-0 \" style=\"background-color: rgba(0,0,0,0);\"><\/div>\n\n    <div class=\"container container-vertical-default\">\n        <div class=\"row vertical-default\">\n            <div class=\"col-md-12     text-default small-screen-default\"  >[rev_slider_vc alias=&#8221;filicumis&#8221;]<\/div>        <\/div>\n    <\/div>\n<\/section>\n<section class=\"section  text-normal section-text-no-shadow section-inner-no-shadow section-normal section-opaque\"  >\n    \n    <div class=\"background-overlay grid-overlay-0 \" style=\"background-color: rgba(0,0,0,0);\"><\/div>\n\n    <div class=\"container container-vertical-default\">\n        <div class=\"row vertical-default\">\n            <div class=\"col-md-8     text-default small-screen-default\"  ><div class=\"col-text-1 text-normal  element-top-20 element-bottom-20\" data-os-animation=\"none\" data-os-animation-delay=\"0s\">\n    <p style=\"text-align: justify;\">A una finca mallorquina d&#8217;ametllers, garrovers i oliveres centen\u00e0ries, l&#8217;agroturisme\u00a0Filicumis\u00a0mant\u00e9 l&#8217;ess\u00e8ncia del camp mallorqu\u00ed. La casa \u00e9s de planta quadrada amb un bell pati central amb cisterna. A totes les estances s&#8217;ha cercat el respecte per l&#8217;arquitectura original: a la &#8220;tafona&#8221; (on es produ\u00efa antigament oli) amb la seva maquin\u00e0ria original; a l&#8217;antiga cuina, ara espai com\u00fa pels nostres clients, aix\u00ed com als apartaments on es combina el confort amb la preservaci\u00f3 dels elements propis de la construcci\u00f3 tradicional mallorquina.<\/p>\n<p>Filicumis\u00a0compta amb cinc apartaments, tots ells amb diferents perspectives de la Serra de Tramuntana, i amb caracter\u00edstiques diferenciades: dos dels apartaments (s&#8217;Era i\u00a0s&#8217;Aljub) tenen una gran terrassa, l&#8217;anomenat Castellot t\u00e9 acc\u00e9s independent des de la clastra, i\u00a0s&#8217;Alcadena\u00a0i\u00a0s&#8217;Estorell\u00a0<wbr \/>compten amb magn\u00edfiques vistes i grans habitacions.<\/p>\n<p>A prop de la casa hi ha una zona de barbacoa, una piscina amb vistes immillorables sobre la vall i l&#8217;hort, amb tarongers, cirerers i tomatigueres. Els sons dels animals i dels treballs de la finca acompanyen la tranquil\u00b7litat i silenci que impregnen els voltants de la casa. A la finca trobarem tamb\u00e9 dos llocs m\u00e0gics: un antic poblat talai\u00f2tic i una antiga cova funer\u00e0ria connectats per un cam\u00ed que circumda les muntanyes de la finca.<\/p>\n<p>Els nostres clients poden a m\u00e9s a m\u00e9s, si ho sol\u00b7liciten, comptar amb un esmorzar o un sopar mallorquins amb oli, taronges, tom\u00e0tigues i ous de la finca.<\/p>\n<p>&nbsp;<\/p>\n<\/div>\n<h2 class=\"text-left  element-top-20 element-bottom-20 text-normal normal default\" data-os-animation=\"none\" data-os-animation-delay=\"0s\" >\n    ENTORN<\/h2><div class=\"col-text-1 text-normal  element-top-20 element-bottom-20\" data-os-animation=\"none\" data-os-animation-delay=\"0s\">\n    <p style=\"text-align: justify;\">La finca es troba a la Serra de Tramuntana, molt a prop d&#8217;un dels m\u00e9s populars punts de partida d&#8217;excursions de l&#8217;illa: els Tossals Verds. Lloseta \u00e9s el poble m\u00e9s proper a\u00a0Filicumis, ja que est\u00e0\u00a0a tres quil\u00f2metres de dist\u00e0ncia. Al poble es pot trobar tot el necessari per a abastir-se aix\u00ed com prestigiosos establiments com ara els Teixits Riera, una f\u00e0brica i tenda de teixits tradicionals mallorquins, les famoses botes de muntanya\u00a0Bestard\u00a0i excel\u00b7lents restaurants de cuina mallorquina.<\/p>\n<p style=\"text-align: justify;\">Als voltants es poden visitar els celebrats cellers d&#8217;Inca. Selva,\u00a0Caimari, Mancor, Alar\u00f3 o Binissalem ofereixen una variada oferta gastron\u00f2mica. Tamb\u00e9 a Binissalem poden visitar-se bodegues amb denominaci\u00f3 d&#8217;origen. Alar\u00f3 \u00e9s un preci\u00f3s poble dominat per la pres\u00e8ncia del Penyal amb les restes d&#8217;un castell medieval.\u00a0Inca, a deu minuts de la finca, \u00e9s un dels municipis m\u00e9s importants de l&#8217;illa amb gran tradici\u00f3 en la fabricaci\u00f3 de cal\u00e7at destacant les tendes de Camper o\u00a0Lotusse. Caimari, Mancor de la Vall o Selva s\u00f3n pintorescs pobles propers en direcci\u00f3 al monestir de Lluc.<\/p>\n<\/div>\n<\/div><div class=\"col-md-4     text-default small-screen-default\"  ><div class=\" element-top-20 element-bottom-20\" data-os-animation=\"none\" data-os-animation-delay=\"0s\">\n    <div class=\"row list-container\"><div class=\"wp-caption col-md-6\"><a class=\"thumbnail magnific-gallery\" href=\"https:\/\/filicumis.com\/wp-content\/uploads\/2017\/10\/filicumis_38.jpg\" data-links=\" https:\/\/filicumis.com\/wp-content\/uploads\/2017\/10\/filicumis_38.jpg,https:\/\/filicumis.com\/wp-content\/uploads\/2015\/01\/013.jpg,https:\/\/filicumis.com\/wp-content\/uploads\/2017\/10\/IMG_4660.jpg,https:\/\/filicumis.com\/wp-content\/uploads\/2014\/12\/filicumis_05.jpg,https:\/\/filicumis.com\/wp-content\/uploads\/2015\/01\/sera9-1.jpg,https:\/\/filicumis.com\/wp-content\/uploads\/2017\/10\/IGP3468.jpg,https:\/\/filicumis.com\/wp-content\/uploads\/2017\/10\/home-2-slider-filicumis.jpg,https:\/\/filicumis.com\/wp-content\/uploads\/2015\/01\/IMG_20170130_161447-e1502896287242.jpg \"><img loading=\"lazy\" decoding=\"async\" width=\"600\" height=\"536\" src=\"https:\/\/filicumis.com\/wp-content\/uploads\/2017\/10\/filicumis_38-600x536.jpg\" class=\"attachment-square-image size-square-image\" alt=\"\" \/><\/a><\/div><div class=\"wp-caption col-md-6\"><a class=\"thumbnail magnific-gallery\" href=\"https:\/\/filicumis.com\/wp-content\/uploads\/2015\/01\/013.jpg\" data-links=\" https:\/\/filicumis.com\/wp-content\/uploads\/2015\/01\/013.jpg,https:\/\/filicumis.com\/wp-content\/uploads\/2017\/10\/filicumis_38.jpg,https:\/\/filicumis.com\/wp-content\/uploads\/2017\/10\/IMG_4660.jpg,https:\/\/filicumis.com\/wp-content\/uploads\/2014\/12\/filicumis_05.jpg,https:\/\/filicumis.com\/wp-content\/uploads\/2015\/01\/sera9-1.jpg,https:\/\/filicumis.com\/wp-content\/uploads\/2017\/10\/IGP3468.jpg,https:\/\/filicumis.com\/wp-content\/uploads\/2017\/10\/home-2-slider-filicumis.jpg,https:\/\/filicumis.com\/wp-content\/uploads\/2015\/01\/IMG_20170130_161447-e1502896287242.jpg \"><img loading=\"lazy\" decoding=\"async\" width=\"600\" height=\"400\" src=\"https:\/\/filicumis.com\/wp-content\/uploads\/2015\/01\/013-600x400.jpg\" class=\"attachment-square-image size-square-image\" alt=\"\" srcset=\"https:\/\/filicumis.com\/wp-content\/uploads\/2015\/01\/013.jpg 600w, https:\/\/filicumis.com\/wp-content\/uploads\/2015\/01\/013-300x200.jpg 300w\" sizes=\"(max-width: 600px) 100vw, 600px\" \/><\/a><\/div><div class=\"wp-caption col-md-6\"><a class=\"thumbnail magnific-gallery\" href=\"https:\/\/filicumis.com\/wp-content\/uploads\/2017\/10\/IMG_4660.jpg\" data-links=\" https:\/\/filicumis.com\/wp-content\/uploads\/2017\/10\/IMG_4660.jpg,https:\/\/filicumis.com\/wp-content\/uploads\/2015\/01\/013.jpg,https:\/\/filicumis.com\/wp-content\/uploads\/2017\/10\/filicumis_38.jpg,https:\/\/filicumis.com\/wp-content\/uploads\/2014\/12\/filicumis_05.jpg,https:\/\/filicumis.com\/wp-content\/uploads\/2015\/01\/sera9-1.jpg,https:\/\/filicumis.com\/wp-content\/uploads\/2017\/10\/IGP3468.jpg,https:\/\/filicumis.com\/wp-content\/uploads\/2017\/10\/home-2-slider-filicumis.jpg,https:\/\/filicumis.com\/wp-content\/uploads\/2015\/01\/IMG_20170130_161447-e1502896287242.jpg \"><img loading=\"lazy\" decoding=\"async\" width=\"600\" height=\"600\" src=\"https:\/\/filicumis.com\/wp-content\/uploads\/2017\/10\/IMG_4660-600x600.jpg\" class=\"attachment-square-image size-square-image\" alt=\"\" srcset=\"https:\/\/filicumis.com\/wp-content\/uploads\/2017\/10\/IMG_4660-600x600.jpg 600w, https:\/\/filicumis.com\/wp-content\/uploads\/2017\/10\/IMG_4660-150x150.jpg 150w\" sizes=\"(max-width: 600px) 100vw, 600px\" \/><\/a><\/div><div class=\"wp-caption col-md-6\"><a class=\"thumbnail magnific-gallery\" href=\"https:\/\/filicumis.com\/wp-content\/uploads\/2014\/12\/filicumis_05.jpg\" data-links=\" https:\/\/filicumis.com\/wp-content\/uploads\/2014\/12\/filicumis_05.jpg,https:\/\/filicumis.com\/wp-content\/uploads\/2017\/10\/IMG_4660.jpg,https:\/\/filicumis.com\/wp-content\/uploads\/2015\/01\/013.jpg,https:\/\/filicumis.com\/wp-content\/uploads\/2017\/10\/filicumis_38.jpg,https:\/\/filicumis.com\/wp-content\/uploads\/2015\/01\/sera9-1.jpg,https:\/\/filicumis.com\/wp-content\/uploads\/2017\/10\/IGP3468.jpg,https:\/\/filicumis.com\/wp-content\/uploads\/2017\/10\/home-2-slider-filicumis.jpg,https:\/\/filicumis.com\/wp-content\/uploads\/2015\/01\/IMG_20170130_161447-e1502896287242.jpg \"><img loading=\"lazy\" decoding=\"async\" width=\"600\" height=\"536\" src=\"https:\/\/filicumis.com\/wp-content\/uploads\/2014\/12\/filicumis_05-600x536.jpg\" class=\"attachment-square-image size-square-image\" alt=\"\" \/><\/a><\/div><div class=\"wp-caption col-md-6\"><a class=\"thumbnail magnific-gallery\" href=\"https:\/\/filicumis.com\/wp-content\/uploads\/2015\/01\/sera9-1.jpg\" data-links=\" https:\/\/filicumis.com\/wp-content\/uploads\/2015\/01\/sera9-1.jpg,https:\/\/filicumis.com\/wp-content\/uploads\/2014\/12\/filicumis_05.jpg,https:\/\/filicumis.com\/wp-content\/uploads\/2017\/10\/IMG_4660.jpg,https:\/\/filicumis.com\/wp-content\/uploads\/2015\/01\/013.jpg,https:\/\/filicumis.com\/wp-content\/uploads\/2017\/10\/filicumis_38.jpg,https:\/\/filicumis.com\/wp-content\/uploads\/2017\/10\/IGP3468.jpg,https:\/\/filicumis.com\/wp-content\/uploads\/2017\/10\/home-2-slider-filicumis.jpg,https:\/\/filicumis.com\/wp-content\/uploads\/2015\/01\/IMG_20170130_161447-e1502896287242.jpg \"><img loading=\"lazy\" decoding=\"async\" width=\"600\" height=\"600\" src=\"https:\/\/filicumis.com\/wp-content\/uploads\/2015\/01\/sera9-1-600x600.jpg\" class=\"attachment-square-image size-square-image\" alt=\"\" srcset=\"https:\/\/filicumis.com\/wp-content\/uploads\/2015\/01\/sera9-1-600x600.jpg 600w, https:\/\/filicumis.com\/wp-content\/uploads\/2015\/01\/sera9-1-150x150.jpg 150w\" sizes=\"(max-width: 600px) 100vw, 600px\" \/><\/a><\/div><div class=\"wp-caption col-md-6\"><a class=\"thumbnail magnific-gallery\" href=\"https:\/\/filicumis.com\/wp-content\/uploads\/2017\/10\/IGP3468.jpg\" data-links=\" https:\/\/filicumis.com\/wp-content\/uploads\/2017\/10\/IGP3468.jpg,https:\/\/filicumis.com\/wp-content\/uploads\/2015\/01\/sera9-1.jpg,https:\/\/filicumis.com\/wp-content\/uploads\/2014\/12\/filicumis_05.jpg,https:\/\/filicumis.com\/wp-content\/uploads\/2017\/10\/IMG_4660.jpg,https:\/\/filicumis.com\/wp-content\/uploads\/2015\/01\/013.jpg,https:\/\/filicumis.com\/wp-content\/uploads\/2017\/10\/filicumis_38.jpg,https:\/\/filicumis.com\/wp-content\/uploads\/2017\/10\/home-2-slider-filicumis.jpg,https:\/\/filicumis.com\/wp-content\/uploads\/2015\/01\/IMG_20170130_161447-e1502896287242.jpg \"><img loading=\"lazy\" decoding=\"async\" width=\"600\" height=\"600\" src=\"https:\/\/filicumis.com\/wp-content\/uploads\/2017\/10\/IGP3468-600x600.jpg\" class=\"attachment-square-image size-square-image\" alt=\"\" srcset=\"https:\/\/filicumis.com\/wp-content\/uploads\/2017\/10\/IGP3468-600x600.jpg 600w, https:\/\/filicumis.com\/wp-content\/uploads\/2017\/10\/IGP3468-150x150.jpg 150w\" sizes=\"(max-width: 600px) 100vw, 600px\" \/><\/a><\/div><div class=\"wp-caption col-md-6\"><a class=\"thumbnail magnific-gallery\" href=\"https:\/\/filicumis.com\/wp-content\/uploads\/2017\/10\/home-2-slider-filicumis.jpg\" data-links=\" https:\/\/filicumis.com\/wp-content\/uploads\/2017\/10\/home-2-slider-filicumis.jpg,https:\/\/filicumis.com\/wp-content\/uploads\/2017\/10\/IGP3468.jpg,https:\/\/filicumis.com\/wp-content\/uploads\/2015\/01\/sera9-1.jpg,https:\/\/filicumis.com\/wp-content\/uploads\/2014\/12\/filicumis_05.jpg,https:\/\/filicumis.com\/wp-content\/uploads\/2017\/10\/IMG_4660.jpg,https:\/\/filicumis.com\/wp-content\/uploads\/2015\/01\/013.jpg,https:\/\/filicumis.com\/wp-content\/uploads\/2017\/10\/filicumis_38.jpg,https:\/\/filicumis.com\/wp-content\/uploads\/2015\/01\/IMG_20170130_161447-e1502896287242.jpg \"><img loading=\"lazy\" decoding=\"async\" width=\"600\" height=\"600\" src=\"https:\/\/filicumis.com\/wp-content\/uploads\/2017\/10\/home-2-slider-filicumis-600x600.jpg\" class=\"attachment-square-image size-square-image\" alt=\"\" srcset=\"https:\/\/filicumis.com\/wp-content\/uploads\/2017\/10\/home-2-slider-filicumis-600x600.jpg 600w, https:\/\/filicumis.com\/wp-content\/uploads\/2017\/10\/home-2-slider-filicumis-150x150.jpg 150w\" sizes=\"(max-width: 600px) 100vw, 600px\" \/><\/a><\/div><div class=\"wp-caption col-md-6\"><a class=\"thumbnail magnific-gallery\" href=\"https:\/\/filicumis.com\/wp-content\/uploads\/2015\/01\/IMG_20170130_161447-e1502896287242.jpg\" data-links=\" https:\/\/filicumis.com\/wp-content\/uploads\/2015\/01\/IMG_20170130_161447-e1502896287242.jpg,https:\/\/filicumis.com\/wp-content\/uploads\/2017\/10\/home-2-slider-filicumis.jpg,https:\/\/filicumis.com\/wp-content\/uploads\/2017\/10\/IGP3468.jpg,https:\/\/filicumis.com\/wp-content\/uploads\/2015\/01\/sera9-1.jpg,https:\/\/filicumis.com\/wp-content\/uploads\/2014\/12\/filicumis_05.jpg,https:\/\/filicumis.com\/wp-content\/uploads\/2017\/10\/IMG_4660.jpg,https:\/\/filicumis.com\/wp-content\/uploads\/2015\/01\/013.jpg,https:\/\/filicumis.com\/wp-content\/uploads\/2017\/10\/filicumis_38.jpg \"><img loading=\"lazy\" decoding=\"async\" width=\"600\" height=\"600\" src=\"https:\/\/filicumis.com\/wp-content\/uploads\/2015\/01\/IMG_20170130_161447-e1502896287242-600x600.jpg\" class=\"attachment-square-image size-square-image\" alt=\"\" srcset=\"https:\/\/filicumis.com\/wp-content\/uploads\/2015\/01\/IMG_20170130_161447-e1502896287242-600x600.jpg 600w, https:\/\/filicumis.com\/wp-content\/uploads\/2015\/01\/IMG_20170130_161447-e1502896287242-150x150.jpg 150w\" sizes=\"(max-width: 600px) 100vw, 600px\" \/><\/a><\/div><\/div><\/div>\n<\/div>        <\/div>\n    <\/div>\n<\/section>\n<section class=\"section  text-normal section-text-no-shadow section-inner-no-shadow section-normal section-opaque\"  >\n    \n    <div class=\"background-overlay grid-overlay-0 \" style=\"background-color: rgba(0,0,0,0);\"><\/div>\n\n    <div class=\"container container-vertical-default\">\n        <div class=\"row vertical-default\">\n            <div class=\"col-md-12     text-default small-screen-default\"  ><div class=\"divider-wrapper \" style=\"visibility:hidden;background-color:#FFFFFF\">\n    <div class=\"visible-xs\" style=\"height:24px;\"><\/div>\n    <div class=\"visible-sm\" style=\"height:24px;\"><\/div>\n    <div class=\"visible-md\" style=\"height:24px;\"><\/div>\n    <div class=\"visible-lg\" style=\"height:24px;\"><\/div>\n<\/div><\/div>        <\/div>\n    <\/div>\n<\/section>\n","protected":false},"excerpt":{"rendered":"[rev_slider_vc alias=\"filicumis\"] A una finca mallorquina d'ametllers, garrovers i oliveres centen\u00e0ries, l'agroturisme\u00a0Filicumis\u00a0mant\u00e9 l'ess\u00e8ncia del camp mallorqu\u00ed. La casa \u00e9s de planta quadrada amb un bell pati central amb cisterna. A totes les estances s'ha cercat el respecte per l'arquitectura original: a la \"tafona\" (on es produ\u00efa antigament oli) amb la seva maquin\u00e0ria original; a l'antiga","protected":false},"author":1,"featured_media":0,"parent":0,"menu_order":0,"comment_status":"closed","ping_status":"closed","template":"","meta":{"footnotes":""},"class_list":["post-642","page","type-page","status-publish","hentry"],"_links":{"self":[{"href":"https:\/\/filicumis.com\/ca\/wp-json\/wp\/v2\/pages\/642"}],"collection":[{"href":"https:\/\/filicumis.com\/ca\/wp-json\/wp\/v2\/pages"}],"about":[{"href":"https:\/\/filicumis.com\/ca\/wp-json\/wp\/v2\/types\/page"}],"author":[{"embeddable":true,"href":"https:\/\/filicumis.com\/ca\/wp-json\/wp\/v2\/users\/1"}],"replies":[{"embeddable":true,"href":"https:\/\/filicumis.com\/ca\/wp-json\/wp\/v2\/comments?post=642"}],"version-history":[{"count":1,"href":"https:\/\/filicumis.com\/ca\/wp-json\/wp\/v2\/pages\/642\/revisions"}],"predecessor-version":[{"id":1852,"href":"https:\/\/filicumis.com\/ca\/wp-json\/wp\/v2\/pages\/642\/revisions\/1852"}],"wp:attachment":[{"href":"https:\/\/filicumis.com\/ca\/wp-json\/wp\/v2\/media?parent=642"}],"curies":[{"name":"wp","href":"https:\/\/api.w.org\/{rel}","templated":true}]}}