{"id":954,"date":"2017-11-06T13:00:11","date_gmt":"2017-11-06T12:00:11","guid":{"rendered":"https:\/\/filicumis.com\/ciclismo\/"},"modified":"2017-11-23T19:35:40","modified_gmt":"2017-11-23T18:35:40","slug":"ciclismo","status":"publish","type":"page","link":"https:\/\/filicumis.com\/ca\/ciclismo\/","title":{"rendered":"Ciclismo"},"content":{"rendered":"<section class=\"section  text-normal section-text-no-shadow section-inner-no-shadow section-normal section-opaque\"  >\n            <div class=\"background-media\" style=\"background-image: url(&#039;https:\/\/filicumis.com\/wp-content\/uploads\/2017\/11\/cycling-filicumis-agroturismo-mallorca-e1509971356145.jpg&#039;); background-repeat:no-repeat; background-size:cover; background-attachment:fixed; background-position: 50% 0%;\" data-start=\"background-position: 50% 0px\" data-0-top-bottom=\"background-position: 50% -120px\">\n                    <\/div>\n    \n    <div class=\"background-overlay grid-overlay-0 \" style=\"background-color: rgba(0,0,0,0.2);\"><\/div>\n\n    <div class=\"container container-vertical-default\">\n        <div class=\"row vertical-default\">\n            <div class=\"col-md-12     text-center small-screen-default\"  ><div class=\"divider-wrapper \" style=\"visibility:hidden;background-color:#FFFFF\">\n    <div class=\"visible-xs\" style=\"height:45px;\"><\/div>\n    <div class=\"visible-sm\" style=\"height:45px;\"><\/div>\n    <div class=\"visible-md\" style=\"height:103px;\"><\/div>\n    <div class=\"visible-lg\" style=\"height:103px;\"><\/div>\n<\/div><h1 class=\"text-center  element-top-0 element-bottom-10 text-light os-animation super default\" data-os-animation=\"fadeIn\" data-os-animation-delay=\"0.1s\" >\n    CICLOTURISMO<\/h1><div class=\"figure element-top-0 element-bottom-20  \" data-os-animation=\"none\" data-os-animation-delay=\"0s\">\n            <a href=\"http:\/\/cycling-friendly.com\/es\/personaliza-tu-viaje\/\" class=\"figure-image \" target=\"_blank\">\n        <img loading=\"lazy\" decoding=\"async\" src=\"https:\/\/filicumis.com\/wp-content\/uploads\/2017\/11\/logo-fondos-oscuros-200x200.png\" width=\"200\" height=\"200\" alt=\"\"\/>            <\/a>\n    <\/div>\n<div class=\"divider-wrapper \" style=\"visibility:hidden;background-color:#FFFFF\">\n    <div class=\"visible-xs\" style=\"height:45px;\"><\/div>\n    <div class=\"visible-sm\" style=\"height:45px;\"><\/div>\n    <div class=\"visible-md\" style=\"height:103px;\"><\/div>\n    <div class=\"visible-lg\" style=\"height:103px;\"><\/div>\n<\/div><\/div>        <\/div>\n    <\/div>\n<\/section>\n<section class=\"section  text-normal section-text-no-shadow section-inner-no-shadow section-normal section-opaque\"  >\n    \n    <div class=\"background-overlay grid-overlay-0 \" style=\"background-color: rgba(0,0,0,0);\"><\/div>\n\n    <div class=\"container container-vertical-default\">\n        <div class=\"row vertical-default\">\n            <div class=\"col-md-12     text-default small-screen-default\"  ><div class=\"col-text-1 text-normal  element-top-20 element-bottom-20\" data-os-animation=\"none\" data-os-animation-delay=\"0s\">\n    <\/div>\n<h1 class=\"text-center  element-top-60 element-bottom-0 text-normal os-animation big default\" data-os-animation=\"fadeIn\" data-os-animation-delay=\"0.1s\" >\n    SERVICIO COMPLETO PARA CICLISTAS<\/h1><div class=\"divider-wrapper \" style=\"visibility:hidden;background-color:#FFFFFF\">\n    <div class=\"visible-xs\" style=\"height:24px;\"><\/div>\n    <div class=\"visible-sm\" style=\"height:24px;\"><\/div>\n    <div class=\"visible-md\" style=\"height:24px;\"><\/div>\n    <div class=\"visible-lg\" style=\"height:24px;\"><\/div>\n<\/div><\/div>        <\/div>\n    <\/div>\n<\/section>\n<section class=\"section  text-normal section-text-no-shadow section-inner-no-shadow section-normal section-opaque\"  >\n    \n    <div class=\"background-overlay grid-overlay-0 \" style=\"background-color: rgba(0,0,0,0);\"><\/div>\n\n    <div class=\"container container-vertical-default\">\n        <div class=\"row vertical-default\">\n            <div class=\"col-md-6     text-default small-screen-default\"  ><div id=\"flexslider-54\" class=\"flexslider flex-controls-bottom  element-top-10 element-bottom-0\" data-flex-slideshow=true data-flex-sliderdirection=horizontal data-flex-speed=7000 data-flex-animation=fade data-flex-directions=hide data-flex-controls=hide data-flex-controlsalign=center data-flex-controlsvertical=bottom data-flex-controlsposition=outside data-flex-duration=600 data-flex-captionhorizontal=left data-os-animation=\"none\" data-os-animation-delay=\"0s\" >\n    <ul class=\"slides\">\n            <li>\n        \t\t<a  href=\"https:\/\/filicumis.com\/ca\/?post_type=oxy_slideshow_image&#038;p=887\" >\n<figure>\n    <img loading=\"lazy\" decoding=\"async\" width=\"1362\" height=\"888\" src=\"https:\/\/filicumis.com\/wp-content\/uploads\/2017\/11\/Captura-de-pantalla-2017-11-06-a-las-12.49.03-1-e1509978770143.png\" class=\"attachment-full size-full wp-post-image\" alt=\"\" srcset=\"https:\/\/filicumis.com\/wp-content\/uploads\/2017\/11\/Captura-de-pantalla-2017-11-06-a-las-12.49.03-1-e1509978770143.png 1362w, https:\/\/filicumis.com\/wp-content\/uploads\/2017\/11\/Captura-de-pantalla-2017-11-06-a-las-12.49.03-1-e1509978770143-300x196.png 300w, https:\/\/filicumis.com\/wp-content\/uploads\/2017\/11\/Captura-de-pantalla-2017-11-06-a-las-12.49.03-1-e1509978770143-768x501.png 768w, https:\/\/filicumis.com\/wp-content\/uploads\/2017\/11\/Captura-de-pantalla-2017-11-06-a-las-12.49.03-1-e1509978770143-1024x668.png 1024w\" sizes=\"(max-width: 1362px) 100vw, 1362px\" \/>\n    \n<\/figure>\n\n\t<\/a>\n        <\/li>\n            <li>\n        \t\t<a  href=\"https:\/\/filicumis.com\/ca\/?post_type=oxy_slideshow_image&#038;p=888\" >\n<figure>\n    <img loading=\"lazy\" decoding=\"async\" width=\"1380\" height=\"891\" src=\"https:\/\/filicumis.com\/wp-content\/uploads\/2017\/11\/Captura-de-pantalla-2017-11-06-a-las-12.49.11-1-e1509978675223.png\" class=\"attachment-full size-full wp-post-image\" alt=\"\" srcset=\"https:\/\/filicumis.com\/wp-content\/uploads\/2017\/11\/Captura-de-pantalla-2017-11-06-a-las-12.49.11-1-e1509978675223.png 1380w, https:\/\/filicumis.com\/wp-content\/uploads\/2017\/11\/Captura-de-pantalla-2017-11-06-a-las-12.49.11-1-e1509978675223-300x194.png 300w, https:\/\/filicumis.com\/wp-content\/uploads\/2017\/11\/Captura-de-pantalla-2017-11-06-a-las-12.49.11-1-e1509978675223-768x496.png 768w, https:\/\/filicumis.com\/wp-content\/uploads\/2017\/11\/Captura-de-pantalla-2017-11-06-a-las-12.49.11-1-e1509978675223-1024x661.png 1024w\" sizes=\"(max-width: 1380px) 100vw, 1380px\" \/>\n    \n<\/figure>\n\n\t<\/a>\n        <\/li>\n            <li>\n        \t\t<a  href=\"https:\/\/filicumis.com\/ca\/?post_type=oxy_slideshow_image&#038;p=889\" >\n<figure>\n    <img loading=\"lazy\" decoding=\"async\" width=\"1379\" height=\"891\" src=\"https:\/\/filicumis.com\/wp-content\/uploads\/2017\/11\/Captura-de-pantalla-2017-11-06-a-las-12.49.19-1-e1509977774992.png\" class=\"attachment-full size-full wp-post-image\" alt=\"\" srcset=\"https:\/\/filicumis.com\/wp-content\/uploads\/2017\/11\/Captura-de-pantalla-2017-11-06-a-las-12.49.19-1-e1509977774992.png 1379w, https:\/\/filicumis.com\/wp-content\/uploads\/2017\/11\/Captura-de-pantalla-2017-11-06-a-las-12.49.19-1-e1509977774992-300x194.png 300w, https:\/\/filicumis.com\/wp-content\/uploads\/2017\/11\/Captura-de-pantalla-2017-11-06-a-las-12.49.19-1-e1509977774992-768x496.png 768w, https:\/\/filicumis.com\/wp-content\/uploads\/2017\/11\/Captura-de-pantalla-2017-11-06-a-las-12.49.19-1-e1509977774992-1024x662.png 1024w\" sizes=\"(max-width: 1379px) 100vw, 1379px\" \/>\n    \n<\/figure>\n\n\t<\/a>\n        <\/li>\n            <li>\n        \t\t<a  href=\"https:\/\/filicumis.com\/ca\/?post_type=oxy_slideshow_image&#038;p=890\" >\n<figure>\n    <img loading=\"lazy\" decoding=\"async\" width=\"1381\" height=\"890\" src=\"https:\/\/filicumis.com\/wp-content\/uploads\/2017\/11\/Captura-de-pantalla-2017-11-06-a-las-12.49.35-1-e1509978272889.png\" class=\"attachment-full size-full wp-post-image\" alt=\"\" srcset=\"https:\/\/filicumis.com\/wp-content\/uploads\/2017\/11\/Captura-de-pantalla-2017-11-06-a-las-12.49.35-1-e1509978272889.png 1381w, https:\/\/filicumis.com\/wp-content\/uploads\/2017\/11\/Captura-de-pantalla-2017-11-06-a-las-12.49.35-1-e1509978272889-300x193.png 300w, https:\/\/filicumis.com\/wp-content\/uploads\/2017\/11\/Captura-de-pantalla-2017-11-06-a-las-12.49.35-1-e1509978272889-768x495.png 768w, https:\/\/filicumis.com\/wp-content\/uploads\/2017\/11\/Captura-de-pantalla-2017-11-06-a-las-12.49.35-1-e1509978272889-1024x660.png 1024w\" sizes=\"(max-width: 1381px) 100vw, 1381px\" \/>\n    \n<\/figure>\n\n\t<\/a>\n        <\/li>\n            <li>\n        \t\t<a  href=\"https:\/\/filicumis.com\/ca\/?post_type=oxy_slideshow_image&#038;p=891\" >\n<figure>\n    <img loading=\"lazy\" decoding=\"async\" width=\"1380\" height=\"891\" src=\"https:\/\/filicumis.com\/wp-content\/uploads\/2017\/11\/Captura-de-pantalla-2017-11-06-a-las-12.51.07-1-e1509978057152.png\" class=\"attachment-full size-full wp-post-image\" alt=\"\" srcset=\"https:\/\/filicumis.com\/wp-content\/uploads\/2017\/11\/Captura-de-pantalla-2017-11-06-a-las-12.51.07-1-e1509978057152.png 1380w, https:\/\/filicumis.com\/wp-content\/uploads\/2017\/11\/Captura-de-pantalla-2017-11-06-a-las-12.51.07-1-e1509978057152-300x194.png 300w, https:\/\/filicumis.com\/wp-content\/uploads\/2017\/11\/Captura-de-pantalla-2017-11-06-a-las-12.51.07-1-e1509978057152-768x496.png 768w, https:\/\/filicumis.com\/wp-content\/uploads\/2017\/11\/Captura-de-pantalla-2017-11-06-a-las-12.51.07-1-e1509978057152-1024x661.png 1024w\" sizes=\"(max-width: 1380px) 100vw, 1380px\" \/>\n    \n<\/figure>\n\n\t<\/a>\n        <\/li>\n        <\/ul>\n<\/div>\n<div class=\"col-text-1 text-normal  element-top-0 element-bottom-0\" data-os-animation=\"none\" data-os-animation-delay=\"0s\">\n    <p style=\"text-align: center;\">Haga clic en el logo para descubrir todos los servicios que\u00a0<em>Cycling Friendly<\/em>\u00a0ofrece.<a href=\"http:\/\/cycling-friendly.com\/es\/establecimiento\/1553\/finca-filicumishttp:\/\/cycling-friendly.com\/es\/establecimiento\/1553\/finca-filicumis\" target=\"_blank\" rel=\"noopener\"><br \/>\n<img loading=\"lazy\" decoding=\"async\" class=\"wp-image-893 aligncenter\" src=\"https:\/\/filicumis.com\/wp-content\/uploads\/2017\/11\/Cycling-Friendly-D.png\" alt=\"\" width=\"99\" height=\"129\" \/><\/a><\/p>\n<\/div>\n<\/div><div class=\"col-md-6     text-default small-screen-default\"  ><h2 class=\"text-left  element-top-20 element-bottom-20 text-normal normal default\" data-os-animation=\"none\" data-os-animation-delay=\"0s\" >\n     EN COOPERACI\u00d3N CON CYCLING FRIENDLY<\/h2><div class=\"col-text-1 text-normal  element-top-0 element-bottom-0 os-animation\" data-os-animation=\"fadeIn\" data-os-animation-delay=\"0.3s\">\n    <p style=\"text-align: justify;\">Gracias a nuestra cooperaci\u00f3n con\u00a0<em>Cycling Friendly<\/em>, una empresa especialista de cicloturismo en Mallorca, ofrecemos los servicios necesarios para unas vacaciones en bicicleta en Mallorca.<\/p>\n<p style=\"text-align: justify;\">Algunos ejemplos de la amplia gama de servicios de\u00a0<em>Cycling Friendly<\/em>son:<\/p>\n<\/div>\n <ul class=\"skills-list   element-top-20 element-bottom-20 text-normal os-animation\" data-os-animation=\"fadeIn\" data-os-animation-delay=\"0.4s\">\n\t\t<li>\n            Alquiler de bicicletas adaptadas a sus necesidades\t\t<\/li>\t\t<li>\n            Rutas personalizadas\t\t<\/li>\t\t<li>\n            Gu\u00edas para todos los niveles\t\t<\/li>\t\t<li>\n            Fisioterapia\t\t<\/li>\t\t<li>\n            Nutrici\u00f3n\t\t<\/li>\t\t<li>\n            Medicina deportiva\t\t<\/li>\t\t<li>\n            Coches gu\u00eda\t\t<\/li>\t\t<li>\n            Transfer para ciclistas\t\t<\/li>\t\t<li>\n            Otros servicios bajo petici\u00f3n\t\t<\/li><\/ul><div class=\"col-text-1 text-normal  element-top-20 element-bottom-20\" data-os-animation=\"none\" data-os-animation-delay=\"0s\">\n    <p>\u2026 y muchos m\u00e1s.<\/p>\n<\/div>\n<\/div>        <\/div>\n    <\/div>\n<\/section>\n<section class=\"section  text-normal section-text-no-shadow section-inner-no-shadow section-normal section-opaque\"  >\n    \n    <div class=\"background-overlay grid-overlay-0 \" style=\"background-color: rgba(0,0,0,0);\"><\/div>\n\n    <div class=\"container container-vertical-default\">\n        <div class=\"row vertical-default\">\n            <div class=\"col-md-12     text-default small-screen-default\"  ><hr class=\" element-top-20 element-bottom-20\" data-os-animation=\"none\" data-os-animation-delay=\"0s\"><\/div>        <\/div>\n    <\/div>\n<\/section>\n<section class=\"section  text-normal section-text-no-shadow section-inner-no-shadow section-normal section-opaque\"  >\n    \n    <div class=\"background-overlay grid-overlay-0 \" style=\"background-color: rgba(0,0,0,0);\"><\/div>\n\n    <div class=\"container container-vertical-middle\">\n        <div class=\"row vertical-middle\">\n            <div class=\"col-md-6     text-default small-screen-default\"  ><div class=\"figure element-top-20 element-bottom-20  \" data-os-animation=\"none\" data-os-animation-delay=\"0s\">\n            <a href=\"https:\/\/filicumis.com\/wp-content\/uploads\/2017\/11\/191017221209ruberts.jpg\" class=\"figure-image magnific\" target=\"_self\">\n        <img loading=\"lazy\" decoding=\"async\" width=\"640\" height=\"480\" src=\"https:\/\/filicumis.com\/wp-content\/uploads\/2017\/11\/191017221209ruberts.jpg\" class=\"attachment-full size-full\" alt=\"\" srcset=\"https:\/\/filicumis.com\/wp-content\/uploads\/2017\/11\/191017221209ruberts.jpg 640w, https:\/\/filicumis.com\/wp-content\/uploads\/2017\/11\/191017221209ruberts-300x225.jpg 300w\" sizes=\"(max-width: 640px) 100vw, 640px\" \/>            <\/a>\n    <\/div>\n<\/div><div class=\"col-md-6     text-default small-screen-default\"  ><h3 class=\"text-left  element-top-20 element-bottom-20 text-normal normal default\" data-os-animation=\"none\" data-os-animation-delay=\"0s\" >\n    Ruta: Petra<\/h3><div class=\"col-text-1 text-normal  element-top-20 element-bottom-20\" data-os-animation=\"none\" data-os-animation-delay=\"0s\">\n    <p style=\"text-align: justify;\">La excelente ubicaci\u00f3n de la\u00a0<b>Finca Filicumis<\/b>\u00a0nos permite tanto disfrutar de las grandes subidas de la\u00a0<b>Serra de Tramuntana<\/b>\u00a0como de otro tipo de rutas\u00a0<b>cycling friendly\u00a0<\/b>como esta, por el\u00a0<b>Pla de Mallorca<\/b>, llegando hasta\u00a0<b>Petra<\/b>, pueblo muy frecuentado por cicloturistas, pasando por\u00a0<b>Sencelles, Lloret de Vistalegre, Sineu o Llub\u00ed<\/b>.<\/p>\n<\/div>\n<a href=\"http:\/\/www.cycling-friendly.com\/es\/rutas\/586\/finca-filicumis-petra\/\" class=\"btn btn-link btn-sm  text-normal   element-left-0 element-right-0 element-top-20 element-bottom-20\" target=\"_blank\"   data-os-animation=\"none\" data-os-animation-delay=\"0s\">\n\t    Detalles de la ruta     <\/a><\/div>        <\/div>\n    <\/div>\n<\/section>\n<section class=\"section  text-normal section-text-no-shadow section-inner-no-shadow section-normal section-opaque\"  >\n    \n    <div class=\"background-overlay grid-overlay-0 \" style=\"background-color: rgba(0,0,0,0);\"><\/div>\n\n    <div class=\"container container-vertical-middle\">\n        <div class=\"row vertical-middle\">\n            <div class=\"col-md-6     text-default small-screen-default\"  ><div class=\"figure element-top-20 element-bottom-20  \" data-os-animation=\"none\" data-os-animation-delay=\"0s\">\n            <a href=\"https:\/\/filicumis.com\/wp-content\/uploads\/2017\/11\/19_10_1721_55_07puigmajorcf.jpg\" class=\"figure-image magnific\" target=\"_self\">\n        <img loading=\"lazy\" decoding=\"async\" width=\"700\" height=\"525\" src=\"https:\/\/filicumis.com\/wp-content\/uploads\/2017\/11\/19_10_1721_55_07puigmajorcf.jpg\" class=\"attachment-full size-full\" alt=\"\" srcset=\"https:\/\/filicumis.com\/wp-content\/uploads\/2017\/11\/19_10_1721_55_07puigmajorcf.jpg 700w, https:\/\/filicumis.com\/wp-content\/uploads\/2017\/11\/19_10_1721_55_07puigmajorcf-300x225.jpg 300w\" sizes=\"(max-width: 700px) 100vw, 700px\" \/>            <\/a>\n    <\/div>\n<\/div><div class=\"col-md-6     text-default small-screen-default\"  ><h3 class=\"text-left  element-top-20 element-bottom-20 text-normal normal default\" data-os-animation=\"none\" data-os-animation-delay=\"0s\" >\n    Ruta: Puig Major<\/h3><div class=\"col-text-1 text-normal  element-top-20 element-bottom-20\" data-os-animation=\"none\" data-os-animation-delay=\"0s\">\n    <p style=\"text-align: justify;\">Corona el punto m\u00e1s alto (ciclable) de la\u00a0<b>Serra de Tramuntana<\/b>\u00a0por su vertiente de Escorca, el\u00a0<b>Puig Major<\/b>, pasando por los embalses de\u00a0<b>Gorg Blau y C\u00faber<\/b>, en esta\u00a0<b>ruta Cycling Friendly<\/b>\u00a0en la que volveremos a la\u00a0<b>Finca Filicumis<\/b>\u00a0pasando por una de las subidas simb\u00f3licas de\u00a0<b>Mallorca<\/b>, como el\u00a0<b>Coll de S\u00f3ller<\/b>\u00a0y luego, ya en llano, pasando tambi\u00e9n por una de las carreteras secundarias m\u00e1s frecuentadas por ciclistas, como el\u00a0<b>Cam\u00ed Vell de Muro<\/b>.<\/p>\n<\/div>\n<a href=\"http:\/\/www.cycling-friendly.com\/es\/rutas\/585\/finca-filicumis-puig-major\/\" class=\"btn btn-link btn-sm  text-normal   element-left-0 element-right-0 element-top-20 element-bottom-20\" target=\"_blank\"   data-os-animation=\"none\" data-os-animation-delay=\"0s\">\n\t    Detalles de la ruta     <\/a><\/div>        <\/div>\n    <\/div>\n<\/section>\n<section class=\"section  text-normal section-text-no-shadow section-inner-no-shadow section-normal section-opaque\"  >\n    \n    <div class=\"background-overlay grid-overlay-0 \" style=\"background-color: rgba(0,0,0,0);\"><\/div>\n\n    <div class=\"container container-vertical-middle\">\n        <div class=\"row vertical-middle\">\n            <div class=\"col-md-6     text-default small-screen-default\"  ><div class=\"figure element-top-20 element-bottom-20  \" data-os-animation=\"none\" data-os-animation-delay=\"0s\">\n            <a href=\"https:\/\/filicumis.com\/wp-content\/uploads\/2017\/11\/19_10_1721_27_36femeniacyclingfriendly2-1.jpg\" class=\"figure-image magnific\" target=\"_self\">\n        <img loading=\"lazy\" decoding=\"async\" width=\"552\" height=\"394\" src=\"https:\/\/filicumis.com\/wp-content\/uploads\/2017\/11\/19_10_1721_27_36femeniacyclingfriendly2-1.jpg\" class=\"attachment-full size-full\" alt=\"\" srcset=\"https:\/\/filicumis.com\/wp-content\/uploads\/2017\/11\/19_10_1721_27_36femeniacyclingfriendly2-1.jpg 552w, https:\/\/filicumis.com\/wp-content\/uploads\/2017\/11\/19_10_1721_27_36femeniacyclingfriendly2-1-300x214.jpg 300w\" sizes=\"(max-width: 552px) 100vw, 552px\" \/>            <\/a>\n    <\/div>\n<\/div><div class=\"col-md-6     text-default small-screen-default\"  ><h3 class=\"text-left  element-top-20 element-bottom-20 text-normal normal default\" data-os-animation=\"none\" data-os-animation-delay=\"0s\" >\n    Ruta: Coll de Femenia<\/h3><div class=\"col-text-1 text-normal  element-top-20 element-bottom-20\" data-os-animation=\"none\" data-os-animation-delay=\"0s\">\n    <p style=\"text-align: justify;\">Esta r<b>uta Cycling Friendly<\/b>\u00a0nos llevar\u00e1 hasta uno de los puertos de monta\u00f1a m\u00e1s bonitos de la isla, el\u00a0<b>Coll de Femenia<\/b>.<\/p>\n<p style=\"text-align: justify;\">Pero antes, para empezar a calentar nuestras piernas y disfrutar de maravillosas vistas, subiremos al\u00a0<b>Puig de Santa Magdalena<\/b>\u00a0y disfrutaremos de alguna de las mejores carreteras secundarias de Mallorca.<\/p>\n<\/div>\n<a href=\"http:\/\/www.cycling-friendly.com\/es\/rutas\/584\/finca-filicumis-coll-de-femenia\/\" class=\"btn btn-link btn-sm  text-normal   element-left-0 element-right-0 element-top-20 element-bottom-20\" target=\"_blank\"   data-os-animation=\"none\" data-os-animation-delay=\"0s\">\n\t    Detalles de la ruta     <\/a><\/div>        <\/div>\n    <\/div>\n<\/section>\n<section class=\"section  text-normal section-text-no-shadow section-inner-no-shadow section-normal section-opaque\"  >\n    \n    <div class=\"background-overlay grid-overlay-0 \" style=\"background-color: rgba(0,0,0,0);\"><\/div>\n\n    <div class=\"container container-vertical-middle\">\n        <div class=\"row vertical-middle\">\n            <div class=\"col-md-6     text-default small-screen-default\"  ><div class=\"figure element-top-20 element-bottom-20  \" data-os-animation=\"none\" data-os-animation-delay=\"0s\">\n            <a href=\"https:\/\/filicumis.com\/wp-content\/uploads\/2017\/11\/19_10_1721_18_02curacyclingfriendly.jpg\" class=\"figure-image magnific\" target=\"_self\">\n        <img loading=\"lazy\" decoding=\"async\" width=\"1097\" height=\"617\" src=\"https:\/\/filicumis.com\/wp-content\/uploads\/2017\/11\/19_10_1721_18_02curacyclingfriendly.jpg\" class=\"attachment-full size-full\" alt=\"\" srcset=\"https:\/\/filicumis.com\/wp-content\/uploads\/2017\/11\/19_10_1721_18_02curacyclingfriendly.jpg 1097w, https:\/\/filicumis.com\/wp-content\/uploads\/2017\/11\/19_10_1721_18_02curacyclingfriendly-300x169.jpg 300w, https:\/\/filicumis.com\/wp-content\/uploads\/2017\/11\/19_10_1721_18_02curacyclingfriendly-768x432.jpg 768w, https:\/\/filicumis.com\/wp-content\/uploads\/2017\/11\/19_10_1721_18_02curacyclingfriendly-1024x576.jpg 1024w\" sizes=\"(max-width: 1097px) 100vw, 1097px\" \/>            <\/a>\n    <\/div>\n<\/div><div class=\"col-md-6     text-default small-screen-default\"  ><h3 class=\"text-left  element-top-20 element-bottom-20 text-normal normal default\" data-os-animation=\"none\" data-os-animation-delay=\"0s\" >\n    Ruta: Cura<\/h3><div class=\"col-text-1 text-normal  element-top-20 element-bottom-20\" data-os-animation=\"none\" data-os-animation-delay=\"0s\">\n    <p style=\"text-align: justify;\">A los pies de la\u00a0<b>Serra de Tramuntana\u00a0<\/b>la excelente ubicaci\u00f3n de la\u00a0<b>Finca Filicumis<\/b>\u00a0tambi\u00e9n nos permite disfrutar de grandes subidas en el\u00a0<b>Pla de Mallorca<\/b>, como la ascensi\u00f3n al\u00a0<b>Santuario de Cura<\/b>.<\/p>\n<p style=\"text-align: justify;\">Tanto en el camino de ida como en el de vuelta seleccionando las carreteras m\u00e1s seguras, secundarias con buen asfalto, para disfrutar de esta etapa\u00a0<b>Cycling Friendly.<\/b><\/p>\n<\/div>\n<a href=\"http:\/\/www.cycling-friendly.com\/es\/rutas\/583\/finca-filicumis-cura\/\" class=\"btn btn-link btn-sm  text-normal   element-left-0 element-right-0 element-top-20 element-bottom-20\" target=\"_blank\"   data-os-animation=\"none\" data-os-animation-delay=\"0s\">\n\t    Detalles de la ruta     <\/a><\/div>        <\/div>\n    <\/div>\n<\/section>\n<section class=\"section  text-normal section-text-no-shadow section-inner-no-shadow section-normal section-opaque\"  >\n    \n    <div class=\"background-overlay grid-overlay-0 \" style=\"background-color: rgba(0,0,0,0);\"><\/div>\n\n    <div class=\"container container-vertical-default\">\n        <div class=\"row vertical-default\">\n            <div class=\"col-md-4     text-default small-screen-default\"  ><\/div><div class=\"col-md-4     text-center small-screen-default\"  ><div class=\"figure element-top-20 element-bottom-20  \" data-os-animation=\"none\" data-os-animation-delay=\"0s\">\n            <a href=\"http:\/\/cycling-friendly.com\/es\/establecimiento\/1553\/finca-filicumishttp:\/\/cycling-friendly.com\/es\/establecimiento\/1553\/finca-filicumis\" class=\"figure-image \" target=\"_blank\">\n        <img loading=\"lazy\" decoding=\"async\" src=\"https:\/\/filicumis.com\/wp-content\/uploads\/2017\/11\/Cycling-Friendly-logo-200x200.png\" width=\"200\" height=\"200\" alt=\"\"\/>            <\/a>\n    <\/div>\n<\/div><div class=\"col-md-4     text-default small-screen-default\"  ><\/div>        <\/div>\n    <\/div>\n<\/section>\n<section class=\"section  text-normal section-text-no-shadow section-inner-no-shadow section-normal section-opaque\"  >\n    \n    <div class=\"background-overlay grid-overlay-0 \" style=\"background-color: rgba(0,0,0,0);\"><\/div>\n\n    <div class=\"container container-vertical-default\">\n        <div class=\"row vertical-default\">\n            <div class=\"col-md-12     text-default small-screen-default\"  ><div class=\"divider-wrapper \" style=\"visibility:hidden;background-color:#FFFFFF\">\n    <div class=\"visible-xs\" style=\"height:24px;\"><\/div>\n    <div class=\"visible-sm\" style=\"height:24px;\"><\/div>\n    <div class=\"visible-md\" style=\"height:24px;\"><\/div>\n    <div class=\"visible-lg\" style=\"height:24px;\"><\/div>\n<\/div><\/div>        <\/div>\n    <\/div>\n<\/section>\n","protected":false},"excerpt":{"rendered":"","protected":false},"author":1,"featured_media":0,"parent":0,"menu_order":0,"comment_status":"closed","ping_status":"closed","template":"","meta":{"footnotes":""},"class_list":["post-954","page","type-page","status-publish","hentry"],"_links":{"self":[{"href":"https:\/\/filicumis.com\/ca\/wp-json\/wp\/v2\/pages\/954"}],"collection":[{"href":"https:\/\/filicumis.com\/ca\/wp-json\/wp\/v2\/pages"}],"about":[{"href":"https:\/\/filicumis.com\/ca\/wp-json\/wp\/v2\/types\/page"}],"author":[{"embeddable":true,"href":"https:\/\/filicumis.com\/ca\/wp-json\/wp\/v2\/users\/1"}],"replies":[{"embeddable":true,"href":"https:\/\/filicumis.com\/ca\/wp-json\/wp\/v2\/comments?post=954"}],"version-history":[{"count":0,"href":"https:\/\/filicumis.com\/ca\/wp-json\/wp\/v2\/pages\/954\/revisions"}],"wp:attachment":[{"href":"https:\/\/filicumis.com\/ca\/wp-json\/wp\/v2\/media?parent=954"}],"curies":[{"name":"wp","href":"https:\/\/api.w.org\/{rel}","templated":true}]}}