{"id":644,"date":"2017-10-02T18:00:18","date_gmt":"2017-10-02T16:00:18","guid":{"rendered":"https:\/\/filicumis.com\/propuesta\/filicumis\/"},"modified":"2017-10-18T17:09:19","modified_gmt":"2017-10-18T15:09:19","slug":"filicumis","status":"publish","type":"page","link":"https:\/\/filicumis.com\/de\/filicumis\/","title":{"rendered":"Filicumis"},"content":{"rendered":"<section class=\"section  text-normal section-text-no-shadow section-inner-no-shadow section-normal section-opaque\"  >\n    \n    <div class=\"background-overlay grid-overlay-0 \" style=\"background-color: rgba(0,0,0,0);\"><\/div>\n\n    <div class=\"container container-vertical-default\">\n        <div class=\"row vertical-default\">\n            <div class=\"col-md-12     text-default small-screen-default\"  >[rev_slider_vc alias=&#8220;filicumis&#8220;]<\/div>        <\/div>\n    <\/div>\n<\/section>\n<section class=\"section  text-normal section-text-no-shadow section-inner-no-shadow section-normal section-opaque\"  >\n    \n    <div class=\"background-overlay grid-overlay-0 \" style=\"background-color: rgba(0,0,0,0);\"><\/div>\n\n    <div class=\"container container-vertical-default\">\n        <div class=\"row vertical-default\">\n            <div class=\"col-md-8     text-default small-screen-default\"  ><div class=\"col-text-1 text-normal  element-top-20 element-bottom-20\" data-os-animation=\"none\" data-os-animation-delay=\"0s\">\n    <p style=\"text-align: justify;\">Filicumis bewahrt das mallorquinische Landleben f\u00fcr seine Besucher auf dem Landgut, welches von Mandel-, Johannisbrot- und Olivenb\u00e4umen umgeben ist. Das Anwesen steht auf einem rechteckigen Grundst\u00fcck und hat einen sch\u00f6nen zentralen Innenhof mit Zisterne. In jedem Raum des Landgutes ist die urspr\u00fcngliche Architektur erhalten: Sei es in der \u201etafona\u201c (\u00d6lm\u00fchle zur \u00d6lgewinnung) mit seinen altert\u00fcmlichen Maschinen, die traditionelle K\u00fcche, der nunmehr als Gemeinschaftsraum f\u00fcr unsere G\u00e4ste dient, oder in den einzelnen Apartments, in denen der Komfort von heute mit der traditionellen Bauweise von damals kombiniert wird.<\/p>\n<p style=\"text-align: justify;\">\u00a0Filicumis verf\u00fcgt \u00fcber f\u00fcnf Apartments, mit jeweils unterschiedlichem Blick auf die Serra de Tramuntana. Jedes hat auch seinen eigenen Charakter: zwei der Apartments verf\u00fcgen \u00fcber eine gro\u00dfe Terrasse, die gem\u00fctliche Suite Castellot zeigt zur \u201eClastra\u201c, den zentralen Innenhof. S&#8217;Alcadena und S&#8217;Estorell bieten eine herrliche Aussicht nach au\u00dfen und gro\u00dfe Zimmer.<\/p>\n<p style=\"text-align: justify;\">In der N\u00e4he des Hauses gibt es einen Grillplatz, eine der Swimmingpools mit eine der besten Aussichten auf ganz Mallorca und einen Obstgarten voller Orangen, Kirschen und Tomaten Die Ger\u00e4uschkulisse der Tiere und der Arbeiter auf dem Landgut untermalen die Ruhe und Stille, welche die Umgebung des Hauses durchdringen.<\/p>\n<p style=\"text-align: justify;\">\u00a0Auf dem Bauernhof finden sich auch zwei magische Orte: eine alte talayotische Siedlung und eine alte Grabh\u00f6hle, die durch eine Stra\u00dfe verbunden ist, welche von den Bergen bis an das Anwesen f\u00fchrt.<\/p>\n<p style=\"text-align: justify;\">Unsere G\u00e4ste k\u00f6nnen auch ein traditionelles mallorquinisches Fr\u00fchst\u00fcck oder Abendessen mit Oliven\u00f6l, Orangen, Tomaten und Eiern bestellen.<\/p>\n<\/div>\n<h2 class=\"text-left  element-top-20 element-bottom-20 text-normal normal default\" data-os-animation=\"none\" data-os-animation-delay=\"0s\" >\n    UMGEBUNG<\/h2><div class=\"col-text-1 text-normal  element-top-20 element-bottom-20\" data-os-animation=\"none\" data-os-animation-delay=\"0s\">\n    <p style=\"text-align: justify;\">Die Finca liegt in der Serra de la Tramuntana, ganz in der N\u00e4he eines der beliebtesten Ausflugsziele der Insel: den Tossals Verds. Lloseta ist die n\u00e4chste Ortschaft zur Filicum\u00eds und etwa drei Kilometer entfernt. Dort finden wir alles, was wir brauchen, um uns zu versorgen, sowie renommierte Betriebe wie Teixits Riera &#8211; eine Fabrik mit Direktverkauf von traditionellen mallorquinischen Textilien, die ber\u00fchmten Bergschuhe der Marke Bestard, sowie ausgezeichnete Restaurants mit mallorquinischer K\u00fcche. In der Umgebung bieten sowohl Inca mit seinen ber\u00fchmten Weinkellern als auch Selva, Caimari, Mancor, Alar\u00f3 oder Binissalem ein abwechslungsreiches gastronomisches Angebot an. In Binissalem k\u00f6nnen Sie Weing\u00fcter mit Qualit\u00e4tsweinen einen Besuch abstatten. Alar\u00f3 ist ein wundersch\u00f6nes Dorf, das von dem markanten Felsen des Penyal d&#8217;Alar\u00f3 mit den \u00dcberresten einer mittelalterlichen Burg beherrscht wird.<\/p>\n<p style=\"text-align: justify;\">\u00a0Die Stadt Inca, zehn Minuten vom Anwesen entfernt, ist eine der bedeutendsten Gemeinden der Insel mit gro\u00dfer Tradition in der Herstellung von Schuhen. Besonders die Marke Camper hat Weltruhm erlangt. Caimari, Mancor de la Vall oder Selva sind malerische D\u00f6rfer in der N\u00e4he und in Richtung des sehenswerten Klosters Lluc.<\/p>\n<\/div>\n<\/div><div class=\"col-md-4     text-default small-screen-default\"  ><div class=\" element-top-20 element-bottom-20\" data-os-animation=\"none\" data-os-animation-delay=\"0s\">\n    <\/p>\n<div class=\"row list-container\"><div class=\"wp-caption col-md-6\"><a class=\"thumbnail magnific-gallery\" href=\"https:\/\/filicumis.com\/wp-content\/uploads\/2017\/10\/filicumis_38.jpg\" data-links=\" https:\/\/filicumis.com\/wp-content\/uploads\/2017\/10\/filicumis_38.jpg,https:\/\/filicumis.com\/wp-content\/uploads\/2017\/10\/IMG_4660.jpg,https:\/\/filicumis.com\/wp-content\/uploads\/2015\/01\/IMG_20170130_161447-e1502896287242.jpg,https:\/\/filicumis.com\/wp-content\/uploads\/2015\/01\/sera9-1.jpg,https:\/\/filicumis.com\/wp-content\/uploads\/2014\/12\/filicumis_05.jpg,https:\/\/filicumis.com\/wp-content\/uploads\/2015\/01\/013.jpg,https:\/\/filicumis.com\/wp-content\/uploads\/2017\/10\/home-2-slider-filicumis.jpg,https:\/\/filicumis.com\/wp-content\/uploads\/2017\/10\/IGP3468.jpg \"><img loading=\"lazy\" decoding=\"async\" width=\"600\" height=\"536\" src=\"https:\/\/filicumis.com\/wp-content\/uploads\/2017\/10\/filicumis_38-600x536.jpg\" class=\"attachment-square-image size-square-image\" alt=\"\" \/><\/a><\/div><div class=\"wp-caption col-md-6\"><a class=\"thumbnail magnific-gallery\" href=\"https:\/\/filicumis.com\/wp-content\/uploads\/2017\/10\/IMG_4660.jpg\" data-links=\" https:\/\/filicumis.com\/wp-content\/uploads\/2017\/10\/IMG_4660.jpg,https:\/\/filicumis.com\/wp-content\/uploads\/2017\/10\/filicumis_38.jpg,https:\/\/filicumis.com\/wp-content\/uploads\/2015\/01\/IMG_20170130_161447-e1502896287242.jpg,https:\/\/filicumis.com\/wp-content\/uploads\/2015\/01\/sera9-1.jpg,https:\/\/filicumis.com\/wp-content\/uploads\/2014\/12\/filicumis_05.jpg,https:\/\/filicumis.com\/wp-content\/uploads\/2015\/01\/013.jpg,https:\/\/filicumis.com\/wp-content\/uploads\/2017\/10\/home-2-slider-filicumis.jpg,https:\/\/filicumis.com\/wp-content\/uploads\/2017\/10\/IGP3468.jpg \"><img loading=\"lazy\" decoding=\"async\" width=\"600\" height=\"600\" src=\"https:\/\/filicumis.com\/wp-content\/uploads\/2017\/10\/IMG_4660-600x600.jpg\" class=\"attachment-square-image size-square-image\" alt=\"\" srcset=\"https:\/\/filicumis.com\/wp-content\/uploads\/2017\/10\/IMG_4660-600x600.jpg 600w, https:\/\/filicumis.com\/wp-content\/uploads\/2017\/10\/IMG_4660-150x150.jpg 150w\" sizes=\"(max-width: 600px) 100vw, 600px\" \/><\/a><\/div><div class=\"wp-caption col-md-6\"><a class=\"thumbnail magnific-gallery\" href=\"https:\/\/filicumis.com\/wp-content\/uploads\/2015\/01\/IMG_20170130_161447-e1502896287242.jpg\" data-links=\" https:\/\/filicumis.com\/wp-content\/uploads\/2015\/01\/IMG_20170130_161447-e1502896287242.jpg,https:\/\/filicumis.com\/wp-content\/uploads\/2017\/10\/IMG_4660.jpg,https:\/\/filicumis.com\/wp-content\/uploads\/2017\/10\/filicumis_38.jpg,https:\/\/filicumis.com\/wp-content\/uploads\/2015\/01\/sera9-1.jpg,https:\/\/filicumis.com\/wp-content\/uploads\/2014\/12\/filicumis_05.jpg,https:\/\/filicumis.com\/wp-content\/uploads\/2015\/01\/013.jpg,https:\/\/filicumis.com\/wp-content\/uploads\/2017\/10\/home-2-slider-filicumis.jpg,https:\/\/filicumis.com\/wp-content\/uploads\/2017\/10\/IGP3468.jpg \"><img loading=\"lazy\" decoding=\"async\" width=\"600\" height=\"600\" src=\"https:\/\/filicumis.com\/wp-content\/uploads\/2015\/01\/IMG_20170130_161447-e1502896287242-600x600.jpg\" class=\"attachment-square-image size-square-image\" alt=\"\" srcset=\"https:\/\/filicumis.com\/wp-content\/uploads\/2015\/01\/IMG_20170130_161447-e1502896287242-600x600.jpg 600w, https:\/\/filicumis.com\/wp-content\/uploads\/2015\/01\/IMG_20170130_161447-e1502896287242-150x150.jpg 150w\" sizes=\"(max-width: 600px) 100vw, 600px\" \/><\/a><\/div><div class=\"wp-caption col-md-6\"><a class=\"thumbnail magnific-gallery\" href=\"https:\/\/filicumis.com\/wp-content\/uploads\/2015\/01\/sera9-1.jpg\" data-links=\" https:\/\/filicumis.com\/wp-content\/uploads\/2015\/01\/sera9-1.jpg,https:\/\/filicumis.com\/wp-content\/uploads\/2015\/01\/IMG_20170130_161447-e1502896287242.jpg,https:\/\/filicumis.com\/wp-content\/uploads\/2017\/10\/IMG_4660.jpg,https:\/\/filicumis.com\/wp-content\/uploads\/2017\/10\/filicumis_38.jpg,https:\/\/filicumis.com\/wp-content\/uploads\/2014\/12\/filicumis_05.jpg,https:\/\/filicumis.com\/wp-content\/uploads\/2015\/01\/013.jpg,https:\/\/filicumis.com\/wp-content\/uploads\/2017\/10\/home-2-slider-filicumis.jpg,https:\/\/filicumis.com\/wp-content\/uploads\/2017\/10\/IGP3468.jpg \"><img loading=\"lazy\" decoding=\"async\" width=\"600\" height=\"600\" src=\"https:\/\/filicumis.com\/wp-content\/uploads\/2015\/01\/sera9-1-600x600.jpg\" class=\"attachment-square-image size-square-image\" alt=\"\" srcset=\"https:\/\/filicumis.com\/wp-content\/uploads\/2015\/01\/sera9-1-600x600.jpg 600w, https:\/\/filicumis.com\/wp-content\/uploads\/2015\/01\/sera9-1-150x150.jpg 150w\" sizes=\"(max-width: 600px) 100vw, 600px\" \/><\/a><\/div><div class=\"wp-caption col-md-6\"><a class=\"thumbnail magnific-gallery\" href=\"https:\/\/filicumis.com\/wp-content\/uploads\/2014\/12\/filicumis_05.jpg\" data-links=\" https:\/\/filicumis.com\/wp-content\/uploads\/2014\/12\/filicumis_05.jpg,https:\/\/filicumis.com\/wp-content\/uploads\/2015\/01\/sera9-1.jpg,https:\/\/filicumis.com\/wp-content\/uploads\/2015\/01\/IMG_20170130_161447-e1502896287242.jpg,https:\/\/filicumis.com\/wp-content\/uploads\/2017\/10\/IMG_4660.jpg,https:\/\/filicumis.com\/wp-content\/uploads\/2017\/10\/filicumis_38.jpg,https:\/\/filicumis.com\/wp-content\/uploads\/2015\/01\/013.jpg,https:\/\/filicumis.com\/wp-content\/uploads\/2017\/10\/home-2-slider-filicumis.jpg,https:\/\/filicumis.com\/wp-content\/uploads\/2017\/10\/IGP3468.jpg \"><img loading=\"lazy\" decoding=\"async\" width=\"600\" height=\"536\" src=\"https:\/\/filicumis.com\/wp-content\/uploads\/2014\/12\/filicumis_05-600x536.jpg\" class=\"attachment-square-image size-square-image\" alt=\"\" \/><\/a><\/div><div class=\"wp-caption col-md-6\"><a class=\"thumbnail magnific-gallery\" href=\"https:\/\/filicumis.com\/wp-content\/uploads\/2015\/01\/013.jpg\" data-links=\" https:\/\/filicumis.com\/wp-content\/uploads\/2015\/01\/013.jpg,https:\/\/filicumis.com\/wp-content\/uploads\/2014\/12\/filicumis_05.jpg,https:\/\/filicumis.com\/wp-content\/uploads\/2015\/01\/sera9-1.jpg,https:\/\/filicumis.com\/wp-content\/uploads\/2015\/01\/IMG_20170130_161447-e1502896287242.jpg,https:\/\/filicumis.com\/wp-content\/uploads\/2017\/10\/IMG_4660.jpg,https:\/\/filicumis.com\/wp-content\/uploads\/2017\/10\/filicumis_38.jpg,https:\/\/filicumis.com\/wp-content\/uploads\/2017\/10\/home-2-slider-filicumis.jpg,https:\/\/filicumis.com\/wp-content\/uploads\/2017\/10\/IGP3468.jpg \"><img loading=\"lazy\" decoding=\"async\" width=\"600\" height=\"400\" src=\"https:\/\/filicumis.com\/wp-content\/uploads\/2015\/01\/013-600x400.jpg\" class=\"attachment-square-image size-square-image\" alt=\"\" srcset=\"https:\/\/filicumis.com\/wp-content\/uploads\/2015\/01\/013.jpg 600w, https:\/\/filicumis.com\/wp-content\/uploads\/2015\/01\/013-300x200.jpg 300w\" sizes=\"(max-width: 600px) 100vw, 600px\" \/><\/a><\/div><div class=\"wp-caption col-md-6\"><a class=\"thumbnail magnific-gallery\" href=\"https:\/\/filicumis.com\/wp-content\/uploads\/2017\/10\/home-2-slider-filicumis.jpg\" data-links=\" https:\/\/filicumis.com\/wp-content\/uploads\/2017\/10\/home-2-slider-filicumis.jpg,https:\/\/filicumis.com\/wp-content\/uploads\/2015\/01\/013.jpg,https:\/\/filicumis.com\/wp-content\/uploads\/2014\/12\/filicumis_05.jpg,https:\/\/filicumis.com\/wp-content\/uploads\/2015\/01\/sera9-1.jpg,https:\/\/filicumis.com\/wp-content\/uploads\/2015\/01\/IMG_20170130_161447-e1502896287242.jpg,https:\/\/filicumis.com\/wp-content\/uploads\/2017\/10\/IMG_4660.jpg,https:\/\/filicumis.com\/wp-content\/uploads\/2017\/10\/filicumis_38.jpg,https:\/\/filicumis.com\/wp-content\/uploads\/2017\/10\/IGP3468.jpg \"><img loading=\"lazy\" decoding=\"async\" width=\"600\" height=\"600\" src=\"https:\/\/filicumis.com\/wp-content\/uploads\/2017\/10\/home-2-slider-filicumis-600x600.jpg\" class=\"attachment-square-image size-square-image\" alt=\"\" srcset=\"https:\/\/filicumis.com\/wp-content\/uploads\/2017\/10\/home-2-slider-filicumis-600x600.jpg 600w, https:\/\/filicumis.com\/wp-content\/uploads\/2017\/10\/home-2-slider-filicumis-150x150.jpg 150w\" sizes=\"(max-width: 600px) 100vw, 600px\" \/><\/a><\/div><div class=\"wp-caption col-md-6\"><a class=\"thumbnail magnific-gallery\" href=\"https:\/\/filicumis.com\/wp-content\/uploads\/2017\/10\/IGP3468.jpg\" data-links=\" https:\/\/filicumis.com\/wp-content\/uploads\/2017\/10\/IGP3468.jpg,https:\/\/filicumis.com\/wp-content\/uploads\/2017\/10\/home-2-slider-filicumis.jpg,https:\/\/filicumis.com\/wp-content\/uploads\/2015\/01\/013.jpg,https:\/\/filicumis.com\/wp-content\/uploads\/2014\/12\/filicumis_05.jpg,https:\/\/filicumis.com\/wp-content\/uploads\/2015\/01\/sera9-1.jpg,https:\/\/filicumis.com\/wp-content\/uploads\/2015\/01\/IMG_20170130_161447-e1502896287242.jpg,https:\/\/filicumis.com\/wp-content\/uploads\/2017\/10\/IMG_4660.jpg,https:\/\/filicumis.com\/wp-content\/uploads\/2017\/10\/filicumis_38.jpg \"><img loading=\"lazy\" decoding=\"async\" width=\"600\" height=\"600\" src=\"https:\/\/filicumis.com\/wp-content\/uploads\/2017\/10\/IGP3468-600x600.jpg\" class=\"attachment-square-image size-square-image\" alt=\"\" srcset=\"https:\/\/filicumis.com\/wp-content\/uploads\/2017\/10\/IGP3468-600x600.jpg 600w, https:\/\/filicumis.com\/wp-content\/uploads\/2017\/10\/IGP3468-150x150.jpg 150w\" sizes=\"(max-width: 600px) 100vw, 600px\" \/><\/a><\/div><\/div>\n<p><\/div>\n<\/div>        <\/div>\n    <\/div>\n<\/section>\n<section class=\"section  text-normal section-text-no-shadow section-inner-no-shadow section-normal section-opaque\"  >\n    \n    <div class=\"background-overlay grid-overlay-0 \" style=\"background-color: rgba(0,0,0,0);\"><\/div>\n\n    <div class=\"container container-vertical-default\">\n        <div class=\"row vertical-default\">\n            <div class=\"col-md-12     text-default small-screen-default\"  ><div class=\"divider-wrapper \" style=\"visibility:hidden;background-color:#FFFFFF\">\n    <div class=\"visible-xs\" style=\"height:24px;\"><\/div>\n    <div class=\"visible-sm\" style=\"height:24px;\"><\/div>\n    <div class=\"visible-md\" style=\"height:24px;\"><\/div>\n    <div class=\"visible-lg\" style=\"height:24px;\"><\/div>\n<\/div><\/div>        <\/div>\n    <\/div>\n<\/section>\n","protected":false},"excerpt":{"rendered":"[rev_slider_vc alias=\"filicumis\"] Filicumis bewahrt das mallorquinische Landleben f\u00fcr seine Besucher auf dem Landgut, welches von Mandel-, Johannisbrot- und Olivenb\u00e4umen umgeben ist. Das Anwesen steht auf einem rechteckigen Grundst\u00fcck und hat einen sch\u00f6nen zentralen Innenhof mit Zisterne. In jedem Raum des Landgutes ist die urspr\u00fcngliche Architektur erhalten: Sei es in der \u201etafona\u201c (\u00d6lm\u00fchle zur \u00d6lgewinnung) mit","protected":false},"author":1,"featured_media":0,"parent":0,"menu_order":0,"comment_status":"closed","ping_status":"closed","template":"","meta":{"footnotes":""},"class_list":["post-644","page","type-page","status-publish","hentry"],"_links":{"self":[{"href":"https:\/\/filicumis.com\/de\/wp-json\/wp\/v2\/pages\/644"}],"collection":[{"href":"https:\/\/filicumis.com\/de\/wp-json\/wp\/v2\/pages"}],"about":[{"href":"https:\/\/filicumis.com\/de\/wp-json\/wp\/v2\/types\/page"}],"author":[{"embeddable":true,"href":"https:\/\/filicumis.com\/de\/wp-json\/wp\/v2\/users\/1"}],"replies":[{"embeddable":true,"href":"https:\/\/filicumis.com\/de\/wp-json\/wp\/v2\/comments?post=644"}],"version-history":[{"count":0,"href":"https:\/\/filicumis.com\/de\/wp-json\/wp\/v2\/pages\/644\/revisions"}],"wp:attachment":[{"href":"https:\/\/filicumis.com\/de\/wp-json\/wp\/v2\/media?parent=644"}],"curies":[{"name":"wp","href":"https:\/\/api.w.org\/{rel}","templated":true}]}}