{"id":658,"date":"2014-12-17T12:21:21","date_gmt":"2014-12-17T12:21:21","guid":{"rendered":"https:\/\/filicumis.com\/propuesta\/home\/"},"modified":"2022-05-05T11:39:49","modified_gmt":"2022-05-05T09:39:49","slug":"home","status":"publish","type":"page","link":"https:\/\/filicumis.com\/de\/","title":{"rendered":"Home DE"},"content":{"rendered":"<section class=\"section  text-normal section-text-no-shadow section-inner-no-shadow section-normal section-opaque\"  >\n    \n    <div class=\"background-overlay grid-overlay-0 \" style=\"background-color: rgba(255,255,255,0.1);\"><\/div>\n\n    <div class=\"container container-vertical-default\">\n        <div class=\"row vertical-default\">\n            <div class=\"col-md-2     text-center small-screen-default\"  ><\/div><div class=\"col-md-8     text-center small-screen-default\"  >[rev_slider_vc alias=&#8220;home&#8220;]<\/div><div class=\"col-md-2     text-default small-screen-default\"  ><\/div>        <\/div>\n    <\/div>\n<\/section>\n<section class=\"section  text-normal section-text-no-shadow section-inner-no-shadow section-normal section-opaque\"  >\n    \n    <div class=\"background-overlay grid-overlay-0 \" style=\"background-color: rgba(255,255,255,0.2);\"><\/div>\n\n    <div class=\"container container-vertical-middle\">\n        <div class=\"row vertical-middle\">\n            <div class=\"col-md-12     text-center small-screen-default\"  ><\/div>        <\/div>\n    <\/div>\n<\/section>\n<section class=\"section  text-normal section-text-no-shadow section-inner-no-shadow section-normal section-opaque\"  >\n    \n    <div class=\"background-overlay grid-overlay-0 \" style=\"background-color: rgba(86,154,167,0);\"><\/div>\n\n    <div class=\"container-fullwidth container-vertical-middle\">\n        <div class=\"row vertical-middle\">\n            <div class=\"col-md-12     text-default small-screen-default\"  style=\"background:rgba(255, 255, 255, 0.95);\"><div class=\"row \"><div class=\"col-md-12     text-center small-screen-default\"  ><div class=\"col-text-1 text-normal  element-top-20 element-bottom-20 os-animation\" data-os-animation=\"fadeIn\" data-os-animation-delay=\"0.3s\">\n    <p style=\"text-align: justify;\">Die Finca Filicum\u00eds ist in einem ruhigen Tal an den Ausl\u00e4ufern der Serra de Tramuntana gelegen. Auf ihrem Areal befinden sich 80 Hektar Wald, Getreidefelder, sowie Mandel-, Oliven- und Orangenb\u00e4ume. Das Hauptgeb\u00e4ude stammt aus dem Jahr 1828. Unverkennbar ist die&#8220;clastra&#8220; (der mit einem Brunnen geschm\u00fcckte mittlerer Innenhof). Die Finca gilt heute als ein Musterbeispiel f\u00fcr einen gelungenen Agrotourismus, der all das, was f\u00fcr Mallorca charakteristisch ist, dank der behutsamen architektonischen Anpassungen bewahrt hat. Gleichzeitig wird auf der Filicum\u00eds weiterhin Landwirtschaft und Viehzucht betrieben, so dass der ganzen Charme der mallorquinischen Landschaft und ihre Geschichte erhalten bleibt. Die Vergangenheit l\u00e4sst sich in dem talayotischen Dorf und einer pr\u00e4historischen Grabst\u00e4tte, die sich auf dem Gel\u00e4nde des Landguts befinden, ersp\u00fcren. Die G\u00e4ste finden dort einen Ort der Ruhe zum Abschalten, wo sie die Gelegenheit haben sich wieder mit der Natur zu vereinen.<\/p>\n<\/div>\n<a href=\"\/de\/filicumis\/\" class=\"btn btn-primary   text-normal   element-left-0 element-right-0 element-top-20 element-bottom-100 os-animation\" target=\"_self\"   data-os-animation=\"fadeIn\" data-os-animation-delay=\"0.4s\">\n\t    Weiterlesen...     <\/a><\/div><\/div><\/div>        <\/div>\n    <\/div>\n<\/section>\n<section class=\"section  text-normal section-text-no-shadow section-inner-no-shadow section-normal section-opaque\"  >\n            <div class=\"background-media\" style=\"background-image: url(&#039;https:\/\/filicumis.com\/wp-content\/uploads\/2014\/12\/MG_7478-e1494859342348.jpg&#039;); background-repeat:no-repeat; background-size:cover; background-attachment:fixed; background-position: 50% 0%;\" data-start=\"background-position: 50% 0px\" data-0-top-bottom=\"background-position: 50% -80px\">\n                    <\/div>\n    \n    <div class=\"background-overlay grid-overlay-0 \" style=\"background-color: rgba(0,0,0,0.5);\"><\/div>\n\n    <div class=\"container container-vertical-middle\">\n        <div class=\"row vertical-middle\">\n            <div class=\"col-md-2     text-center small-screen-default\"  ><\/div><div class=\"col-md-8     text-center small-screen-default\"  ><h2 class=\"text-default  element-top-100 element-bottom-0 text-light os-animation big default\" data-os-animation=\"fadeIn\" data-os-animation-delay=\"0.1s\" >\n    Bewertungen<\/h2><div class=\"figure element-top-0 element-bottom-0   os-animation\" data-os-animation=\"fadeIn\" data-os-animation-delay=\"0.2s\">\n            <span class=\"figure-image\">\n        <img loading=\"lazy\" decoding=\"async\" width=\"200\" height=\"17\" src=\"https:\/\/filicumis.com\/wp-content\/uploads\/2017\/05\/decor-small-white.png\" class=\"attachment-full size-full\" alt=\"\" \/>            <\/span>\n    <\/div>\n<div id=\"flexslider-737\" class=\" element-top-20 element-bottom-100 text-center text-light os-animation flexslider feature-slider\" data-os-animation=\"fadeIn\" data-os-animation-delay=\"0.3s\" data-flex-animation=\"slide\" data-flex-controls-position=\"outside\" data-flex-controlsalign=\"center\" data-flex-directions=\"hide\" data-flex-speed=\"7000\" data-flex-controls=\"show\" data-flex-slideshow=\"true\">\n    <ul class=\"slides\">        <li>\n            <blockquote >\r\n    <p>Smukt og autentisk. \u00a0Billederne p\u00e5\u00a0booking.com\u00a0lever ikke op til virkeligheden. Alt var endnu mere fantastisk end vist p\u00e5 billederne. Huset var smukt og autentisk. V\u00e6relserne var spansk enkelthed, n\u00e5r det fungere bedst. Omgivelserne var helt fantastiske og uspolerede. V\u00e6rterne var s\u00f8de og im\u00f8dekommende og sikrede at alt forl\u00f8b som det skulle.<\/p>\r\n    <footer>May Britt    <\/footer>\r\n<\/blockquote>\r\n        <\/li>        <li>\n            <blockquote >\r\n    <p>Very beautiful and peaceful place to stay. Our kids especially loved watching the sheep and chickens from the pool and picking fruit from the trees. The staff were very friendly and helpful.<\/p>\r\n    <footer>Kate    <\/footer>\r\n<\/blockquote>\r\n        <\/li>        <li>\n            <blockquote >\r\n    <p>Per recomanar i repetir. Tot molt bonic i ben cuidat. Decorat amb molt de gust. Amb xampu, assecador de cabell, entenedor x roba mullada. Tes, infusions i caf\u00e8. Una cistella amb prunes fresques. Genial<\/p>\r\n    <footer>Mar\u00eda    <\/footer>\r\n<\/blockquote>\r\n        <\/li>        <li>\n            <blockquote >\r\n    <p>En lisa f\u00f6r sj\u00e4l och kropp. \u00a0Fantastiskt v\u00e4rdpar, fantastiskt l\u00e4ge och milj\u00f6. fantastiska vandringar i bergen<\/p>\r\n    <footer>Staffan    <\/footer>\r\n<\/blockquote>\r\n        <\/li>        <li>\n            <blockquote >\r\n    <p>Magnifique s\u00e9jour dans une ferme Mayorquaise.\r\nLa chambre sobre avec de beaux mat\u00e9riaux et une d\u00e9coration de go\u00fbt. Le petit d\u00e9jeuner excellent. l'environnement au calme avec les arbres fruitiers, le potager et le poulailler. Mais surtout l'extr\u00eame gentillesse d'Evelyne et Javier qui se sont montr\u00e9s aux petits soins pour notre famille!<\/p>\r\n    <footer>Marion    <\/footer>\r\n<\/blockquote>\r\n        <\/li>        <li>\n            <blockquote >\r\n    <p>Entspannter Urlaub in traumhafter Lage. Wir f\u00fchlten uns vom ersten Moment an willkommen. Maria - die gute Seele der Unterkunft - hat uns umsorgt und bei Fragen sofort weitergeholfen. Die Unterk\u00fcnfte sind in einem wundersch\u00f6n geschichtstr\u00e4chtiges Geb\u00e4ude in traumhafter Lage mit herzlich freundlichen Menschen.<\/p>\r\n    <footer>Christina    <\/footer>\r\n<\/blockquote>\r\n        <\/li>        <li>\n            <blockquote >\r\n    <p>Ruhiger Aufenthalt im Herrenhaus. Zentrale, ruhige Lage am Rande der Transmuntana. Sehr freundliche Gastgeber.<\/p>\r\n    <footer>Peter    <\/footer>\r\n<\/blockquote>\r\n        <\/li>        <li>\n            <blockquote >\r\n    <p>Apartaments molt acollidors. Entorn i ubicacio fantastics. Personal molt atent i agradable.<\/p>\r\n    <footer>Isabel    <\/footer>\r\n<\/blockquote>\r\n        <\/li>        <li>\n            <blockquote >\r\n    <p>Excelente en todo. Repetiremos seguro.<\/p>\r\n    <footer>AMG    <\/footer>\r\n<\/blockquote>\r\n        <\/li>    <\/ul>\n<\/div><\/div><div class=\"col-md-2     text-default small-screen-default\"  ><\/div>        <\/div>\n    <\/div>\n<\/section>\n","protected":false},"excerpt":{"rendered":"Excelente en todo. Repetiremos seguro.","protected":false},"author":1,"featured_media":0,"parent":0,"menu_order":0,"comment_status":"open","ping_status":"open","template":"","meta":{"footnotes":""},"class_list":["post-658","page","type-page","status-publish","hentry"],"_links":{"self":[{"href":"https:\/\/filicumis.com\/de\/wp-json\/wp\/v2\/pages\/658"}],"collection":[{"href":"https:\/\/filicumis.com\/de\/wp-json\/wp\/v2\/pages"}],"about":[{"href":"https:\/\/filicumis.com\/de\/wp-json\/wp\/v2\/types\/page"}],"author":[{"embeddable":true,"href":"https:\/\/filicumis.com\/de\/wp-json\/wp\/v2\/users\/1"}],"replies":[{"embeddable":true,"href":"https:\/\/filicumis.com\/de\/wp-json\/wp\/v2\/comments?post=658"}],"version-history":[{"count":1,"href":"https:\/\/filicumis.com\/de\/wp-json\/wp\/v2\/pages\/658\/revisions"}],"predecessor-version":[{"id":1855,"href":"https:\/\/filicumis.com\/de\/wp-json\/wp\/v2\/pages\/658\/revisions\/1855"}],"wp:attachment":[{"href":"https:\/\/filicumis.com\/de\/wp-json\/wp\/v2\/media?parent=658"}],"curies":[{"name":"wp","href":"https:\/\/api.w.org\/{rel}","templated":true}]}}