{"id":749,"date":"2014-12-17T13:12:29","date_gmt":"2014-12-17T13:12:29","guid":{"rendered":"https:\/\/filicumis.com\/propuesta\/rooms\/"},"modified":"2017-10-18T17:47:42","modified_gmt":"2017-10-18T15:47:42","slug":"rooms","status":"publish","type":"page","link":"https:\/\/filicumis.com\/de\/rooms\/","title":{"rendered":"The Rooms"},"content":{"rendered":"<section class=\"section  text-normal section-text-no-shadow section-inner-no-shadow section-normal section-opaque\"  >\n            <div class=\"background-media\" style=\"background-image: url(&#039;https:\/\/filicumis.com\/wp-content\/uploads\/2014\/12\/MG_7354-e1495202061303.jpg&#039;); background-repeat:no-repeat; background-size:cover; background-attachment:fixed; background-position: 50% 0%;\" data-start=\"background-position: 50% 0px\" data-0-top-bottom=\"background-position: 50% -100px\">\n                    <\/div>\n    \n    <div class=\"background-overlay grid-overlay-0 \" style=\"background-color: rgba(0,0,0,0.3);\"><\/div>\n\n    <div class=\"container container-vertical-default\">\n        <div class=\"row vertical-default\">\n            <div class=\"col-md-12     text-center small-screen-default\"  ><div class=\"divider-wrapper \" style=\"visibility:hidden;background-color:#FFFFF\">\n    <div class=\"visible-xs\" style=\"height:50px;\"><\/div>\n    <div class=\"visible-sm\" style=\"height:100px;\"><\/div>\n    <div class=\"visible-md\" style=\"height:200px;\"><\/div>\n    <div class=\"visible-lg\" style=\"height:200px;\"><\/div>\n<\/div><h1 class=\"text-center  element-top-0 element-bottom-20 text-light os-animation super default\" data-os-animation=\"fadeIn\" data-os-animation-delay=\"0.1s\" >\n    Apartments<\/h1><div class=\"divider-wrapper \" style=\"visibility:hidden;background-color:#FFFFF\">\n    <div class=\"visible-xs\" style=\"height:50px;\"><\/div>\n    <div class=\"visible-sm\" style=\"height:100px;\"><\/div>\n    <div class=\"visible-md\" style=\"height:200px;\"><\/div>\n    <div class=\"visible-lg\" style=\"height:200px;\"><\/div>\n<\/div><\/div>        <\/div>\n    <\/div>\n<\/section>\n<section class=\"section  text-normal section-text-no-shadow section-inner-no-shadow section-normal section-opaque\"  >\n            <div class=\"background-media\" style=\"background-image: url(&#039;https:\/\/filicumis.com\/wp-content\/uploads\/2017\/05\/decor-big-white.png&#039;); background-repeat:no-repeat; background-size:cover; background-attachment:no-scroll; background-position: 50% 0%;\" >\n                    <\/div>\n    \n    <div class=\"background-overlay grid-overlay-0 \" style=\"background-color: rgba(0,0,0,0);\"><\/div>\n\n    <div class=\"container container-vertical-default\">\n        <div class=\"row vertical-default\">\n            <div class=\"col-md-12     text-default small-screen-default\"  ><div class=\"divider-wrapper \" style=\"visibility:hidden;background-color:#FFFFF\">\n    <div class=\"visible-xs\" style=\"height:80px;\"><\/div>\n    <div class=\"visible-sm\" style=\"height:80px;\"><\/div>\n    <div class=\"visible-md\" style=\"height:80px;\"><\/div>\n    <div class=\"visible-lg\" style=\"height:80px;\"><\/div>\n<\/div><div class=\"portfolio-container  element-top-20 element-bottom-20 text-normal\"><div class=\"row\">\r\n    <div class=\"col-md-12\">\r\n        <div class=\"portfolio-header clearfix\">\r\n                        <div class=\"portfolio-filters pull-right\">\r\n                                                            <\/div>\r\n        <\/div>\r\n    <\/div>\r\n<\/div>\r\n<div class=\"portfolio masonry no-transition\" data-padding=\"15\" data-col-xs=\"1\" data-col-sm=\"3\" data-col-md=\"3\" data-col-lg=\"3\" data-layout=\"fitRows\">\n                \n            <div class=\"masonry-item portfolio-item filter-apartamentos\" data-menu-order=\"1\" data-date=\"2014-12-19T08:50:08+01:00\" data-title=\"S&#8217;Alcadena\" data-comments=\"0\">\n                <div class=\"figure  element-top-0 element-bottom-0 portfolio-os-animation image-filter-none image-filter-onhover fade-in text-left figcaption-middle normalwidth\" data-os-animation=\"fadeIn\" data-os-animation-delay=\"0s\">\n            <a href=\"https:\/\/filicumis.com\/de\/portfolio\/alcadena\/\" title=\"\" class=\"figure-image  image-all\" data-links=\"\"  target=\"_self\">\n        <img loading=\"lazy\" decoding=\"async\" width=\"370\" height=\"279\" src=\"https:\/\/filicumis.com\/wp-content\/uploads\/2014\/12\/portada-alcadena-agroturismo-mallorca.jpg\" class=\"normalwidth\" alt=\"S&#8217;Alcadena\" srcset=\"https:\/\/filicumis.com\/wp-content\/uploads\/2014\/12\/portada-alcadena-agroturismo-mallorca.jpg 370w, https:\/\/filicumis.com\/wp-content\/uploads\/2014\/12\/portada-alcadena-agroturismo-mallorca-300x226.jpg 300w\" sizes=\"(max-width: 370px) 100vw, 370px\" \/>        <div class=\"figure-overlay grid-overlay-0\">\n        <div class=\"figure-overlay-container\">\n                            <div class=\"figure-caption\">\n                    <i class=\"icon-circle-plus\"><\/i>\n                <\/div>\n                    <\/div>\n    <\/div>\n    \n            <\/a>\n    \n    <div class=\"figure-caption text-left\">\n        <h3 class=\"figure-caption-title bordered bordered-small bordered-link\">\n                            <a href=\"https:\/\/filicumis.com\/de\/portfolio\/alcadena\/\" class=\"\" data-links=\"\" target=\"_self\">\n                        S&#8217;Alcadena                            <\/a>\n                    <\/h3>\n        <p class=\"figure-caption-description\">Apartment mit herrlichem Blick \u00fcber den Obstgarten des Anwesens und die umliegenden Berge.<\/p>\n    <\/div>\n<\/div>            <\/div>\n                        \n            <div class=\"masonry-item portfolio-item filter-apartamentos\" data-menu-order=\"2\" data-date=\"2014-12-19T08:50:08+01:00\" data-title=\"S&#8217;Estorell\" data-comments=\"0\">\n                <div class=\"figure  element-top-0 element-bottom-0 portfolio-os-animation image-filter-none image-filter-onhover fade-in text-left figcaption-middle normalwidth\" data-os-animation=\"fadeIn\" data-os-animation-delay=\"0.1s\">\n            <a href=\"https:\/\/filicumis.com\/de\/portfolio\/estorell\/\" title=\"\" class=\"figure-image  image-all\" data-links=\"\"  target=\"_self\">\n        <img loading=\"lazy\" decoding=\"async\" width=\"370\" height=\"279\" src=\"https:\/\/filicumis.com\/wp-content\/uploads\/2014\/12\/estorell-portafa-mini-destacada.jpg\" class=\"normalwidth\" alt=\"S&#8217;Estorell\" srcset=\"https:\/\/filicumis.com\/wp-content\/uploads\/2014\/12\/estorell-portafa-mini-destacada.jpg 370w, https:\/\/filicumis.com\/wp-content\/uploads\/2014\/12\/estorell-portafa-mini-destacada-300x226.jpg 300w\" sizes=\"(max-width: 370px) 100vw, 370px\" \/>        <div class=\"figure-overlay grid-overlay-0\">\n        <div class=\"figure-overlay-container\">\n                            <div class=\"figure-caption\">\n                    <i class=\"icon-circle-plus\"><\/i>\n                <\/div>\n                    <\/div>\n    <\/div>\n    \n            <\/a>\n    \n    <div class=\"figure-caption text-left\">\n        <h3 class=\"figure-caption-title bordered bordered-small bordered-link\">\n                            <a href=\"https:\/\/filicumis.com\/de\/portfolio\/estorell\/\" class=\"\" data-links=\"\" target=\"_self\">\n                        S&#8217;Estorell                            <\/a>\n                    <\/h3>\n        <p class=\"figure-caption-description\">Apartment mit gro\u00dfem Wohn-Essbereich und K\u00fcche, mit einem voll ausgestatteten Badezimmer und einem Schlafzimmer mit Doppelbett.<\/p>\n    <\/div>\n<\/div>            <\/div>\n                        \n            <div class=\"masonry-item portfolio-item filter-apartamentos\" data-menu-order=\"3\" data-date=\"2014-12-19T08:50:08+01:00\" data-title=\"Es Castellot\" data-comments=\"0\">\n                <div class=\"figure  element-top-0 element-bottom-0 portfolio-os-animation image-filter-none image-filter-onhover fade-in text-left figcaption-middle normalwidth\" data-os-animation=\"fadeIn\" data-os-animation-delay=\"0.2s\">\n            <a href=\"https:\/\/filicumis.com\/de\/portfolio\/es-castellot\/\" title=\"\" class=\"figure-image  image-all\" data-links=\"\"  target=\"_self\">\n        <img loading=\"lazy\" decoding=\"async\" width=\"370\" height=\"279\" src=\"https:\/\/filicumis.com\/wp-content\/uploads\/2014\/12\/portada-castellot-agroturismo-mallorca.jpg\" class=\"normalwidth\" alt=\"Es Castellot\" srcset=\"https:\/\/filicumis.com\/wp-content\/uploads\/2014\/12\/portada-castellot-agroturismo-mallorca.jpg 370w, https:\/\/filicumis.com\/wp-content\/uploads\/2014\/12\/portada-castellot-agroturismo-mallorca-300x226.jpg 300w\" sizes=\"(max-width: 370px) 100vw, 370px\" \/>        <div class=\"figure-overlay grid-overlay-0\">\n        <div class=\"figure-overlay-container\">\n                            <div class=\"figure-caption\">\n                    <i class=\"icon-circle-plus\"><\/i>\n                <\/div>\n                    <\/div>\n    <\/div>\n    \n            <\/a>\n    \n    <div class=\"figure-caption text-left\">\n        <h3 class=\"figure-caption-title bordered bordered-small bordered-link\">\n                            <a href=\"https:\/\/filicumis.com\/de\/portfolio\/es-castellot\/\" class=\"\" data-links=\"\" target=\"_self\">\n                        Es Castellot                            <\/a>\n                    <\/h3>\n        <p class=\"figure-caption-description\">Apartment \u00a0im Erdgeschoss, mit direktem Zugang \u00fcber die \u201eclastra\u201c (Innenhof des Geb\u00e4udes).<\/p>\n    <\/div>\n<\/div>            <\/div>\n                        \n            <div class=\"masonry-item portfolio-item filter-apartamentos\" data-menu-order=\"4\" data-date=\"2014-12-19T08:50:08+01:00\" data-title=\"S&#8217;ALJUB\" data-comments=\"0\">\n                <div class=\"figure  element-top-0 element-bottom-0 portfolio-os-animation image-filter-none image-filter-onhover fade-in text-left figcaption-middle normalwidth\" data-os-animation=\"fadeIn\" data-os-animation-delay=\"0.3s\">\n            <a href=\"https:\/\/filicumis.com\/de\/portfolio\/saljub\/\" title=\"\" class=\"figure-image  image-all\" data-links=\"\"  target=\"_self\">\n        <img loading=\"lazy\" decoding=\"async\" width=\"370\" height=\"279\" src=\"https:\/\/filicumis.com\/wp-content\/uploads\/2014\/12\/portada-aljub-agroturismo-mallorca.jpg\" class=\"normalwidth\" alt=\"S&#8217;ALJUB\" srcset=\"https:\/\/filicumis.com\/wp-content\/uploads\/2014\/12\/portada-aljub-agroturismo-mallorca.jpg 370w, https:\/\/filicumis.com\/wp-content\/uploads\/2014\/12\/portada-aljub-agroturismo-mallorca-300x226.jpg 300w\" sizes=\"(max-width: 370px) 100vw, 370px\" \/>        <div class=\"figure-overlay grid-overlay-0\">\n        <div class=\"figure-overlay-container\">\n                            <div class=\"figure-caption\">\n                    <i class=\"icon-circle-plus\"><\/i>\n                <\/div>\n                    <\/div>\n    <\/div>\n    \n            <\/a>\n    \n    <div class=\"figure-caption text-left\">\n        <h3 class=\"figure-caption-title bordered bordered-small bordered-link\">\n                            <a href=\"https:\/\/filicumis.com\/de\/portfolio\/saljub\/\" class=\"\" data-links=\"\" target=\"_self\">\n                        S&#8217;ALJUB                            <\/a>\n                    <\/h3>\n        <p class=\"figure-caption-description\">Apartment mit Blick auf die gepflegten Terrassenfelder und eigener private Terrasse nach S\u00fcden hinaus.<\/p>\n    <\/div>\n<\/div>            <\/div>\n                        \n            <div class=\"masonry-item portfolio-item filter-apartamentos\" data-menu-order=\"5\" data-date=\"2014-12-19T08:50:08+01:00\" data-title=\"S&#8217;ERA\" data-comments=\"0\">\n                <div class=\"figure  element-top-0 element-bottom-0 portfolio-os-animation image-filter-none image-filter-onhover fade-in text-left figcaption-middle normalwidth\" data-os-animation=\"fadeIn\" data-os-animation-delay=\"0.4s\">\n            <a href=\"https:\/\/filicumis.com\/de\/portfolio\/sera\/\" title=\"\" class=\"figure-image  image-all\" data-links=\"\"  target=\"_self\">\n        <img loading=\"lazy\" decoding=\"async\" width=\"370\" height=\"279\" src=\"https:\/\/filicumis.com\/wp-content\/uploads\/2014\/12\/portada-era-agroturismo-mallorca.jpg\" class=\"normalwidth\" alt=\"S&#8217;ERA\" srcset=\"https:\/\/filicumis.com\/wp-content\/uploads\/2014\/12\/portada-era-agroturismo-mallorca.jpg 370w, https:\/\/filicumis.com\/wp-content\/uploads\/2014\/12\/portada-era-agroturismo-mallorca-300x226.jpg 300w\" sizes=\"(max-width: 370px) 100vw, 370px\" \/>        <div class=\"figure-overlay grid-overlay-0\">\n        <div class=\"figure-overlay-container\">\n                            <div class=\"figure-caption\">\n                    <i class=\"icon-circle-plus\"><\/i>\n                <\/div>\n                    <\/div>\n    <\/div>\n    \n            <\/a>\n    \n    <div class=\"figure-caption text-left\">\n        <h3 class=\"figure-caption-title bordered bordered-small bordered-link\">\n                            <a href=\"https:\/\/filicumis.com\/de\/portfolio\/sera\/\" class=\"\" data-links=\"\" target=\"_self\">\n                        S&#8217;ERA                            <\/a>\n                    <\/h3>\n        <p class=\"figure-caption-description\">Apartment mit Blick auf die gepflegten Terrassenfelder und eine private S\u00fcdterrasse.<\/p>\n    <\/div>\n<\/div>            <\/div>\n            <\/div>\n<\/div><div class=\"divider-wrapper \" style=\"visibility:hidden;background-color:#FFFFF\">\n    <div class=\"visible-xs\" style=\"height:80px;\"><\/div>\n    <div class=\"visible-sm\" style=\"height:80px;\"><\/div>\n    <div class=\"visible-md\" style=\"height:80px;\"><\/div>\n    <div class=\"visible-lg\" style=\"height:80px;\"><\/div>\n<\/div><\/div>        <\/div>\n    <\/div>\n<\/section>\n","protected":false},"excerpt":{"rendered":"S&#039;ERA S\u2019ERA Apartment mit gro\u00dfem Wohn-Essbereich, K\u00fcche, zwei Schlafzimmern, eines davon mit Doppelbett und eigenem Bad, und das andere mit einem Doppelbett und eigenem WC. Das zweite Schlafzimmer befindet sich in einem Loft \u00fcber dem Wohnbereich F\u00fcr vier Personen geeignet mit der M\u00f6glichkeit ein Zustellbett f\u00fcr Kinder hineinzustellen. Es hat eine Fl\u00e4che von 70 m2,","protected":false},"author":1,"featured_media":0,"parent":0,"menu_order":0,"comment_status":"open","ping_status":"open","template":"","meta":{"footnotes":""},"class_list":["post-749","page","type-page","status-publish","hentry"],"_links":{"self":[{"href":"https:\/\/filicumis.com\/de\/wp-json\/wp\/v2\/pages\/749"}],"collection":[{"href":"https:\/\/filicumis.com\/de\/wp-json\/wp\/v2\/pages"}],"about":[{"href":"https:\/\/filicumis.com\/de\/wp-json\/wp\/v2\/types\/page"}],"author":[{"embeddable":true,"href":"https:\/\/filicumis.com\/de\/wp-json\/wp\/v2\/users\/1"}],"replies":[{"embeddable":true,"href":"https:\/\/filicumis.com\/de\/wp-json\/wp\/v2\/comments?post=749"}],"version-history":[{"count":0,"href":"https:\/\/filicumis.com\/de\/wp-json\/wp\/v2\/pages\/749\/revisions"}],"wp:attachment":[{"href":"https:\/\/filicumis.com\/de\/wp-json\/wp\/v2\/media?parent=749"}],"curies":[{"name":"wp","href":"https:\/\/api.w.org\/{rel}","templated":true}]}}