{"id":956,"date":"2017-11-06T13:00:11","date_gmt":"2017-11-06T12:00:11","guid":{"rendered":"https:\/\/filicumis.com\/ciclismo\/"},"modified":"2023-03-22T17:44:51","modified_gmt":"2023-03-22T16:44:51","slug":"fahrradtourismus","status":"publish","type":"page","link":"https:\/\/filicumis.com\/de\/fahrradtourismus\/","title":{"rendered":"Fahrradtourismus"},"content":{"rendered":"<section class=\"section  text-normal section-text-no-shadow section-inner-no-shadow section-normal section-opaque\"  >\n            <div class=\"background-media\" style=\"background-image: url(&#039;https:\/\/filicumis.com\/wp-content\/uploads\/2017\/11\/cycling-filicumis-agroturismo-mallorca-e1509971356145.jpg&#039;); background-repeat:no-repeat; background-size:cover; background-attachment:fixed; background-position: 50% 0%;\" data-start=\"background-position: 50% 0px\" data-0-top-bottom=\"background-position: 50% -120px\">\n                    <\/div>\n    \n    <div class=\"background-overlay grid-overlay-0 \" style=\"background-color: rgba(0,0,0,0.2);\"><\/div>\n\n    <div class=\"container container-vertical-default\">\n        <div class=\"row vertical-default\">\n            <div class=\"col-md-12     text-center small-screen-default\"  ><div class=\"divider-wrapper \" style=\"visibility:hidden;background-color:#FFFFF\">\n    <div class=\"visible-xs\" style=\"height:45px;\"><\/div>\n    <div class=\"visible-sm\" style=\"height:45px;\"><\/div>\n    <div class=\"visible-md\" style=\"height:103px;\"><\/div>\n    <div class=\"visible-lg\" style=\"height:103px;\"><\/div>\n<\/div><h1 class=\"text-center  element-top-0 element-bottom-10 text-light os-animation super default\" data-os-animation=\"fadeIn\" data-os-animation-delay=\"0.1s\" >\n    FAHRRADTOURISMUS<\/h1><div class=\"figure element-top-0 element-bottom-20  \" data-os-animation=\"none\" data-os-animation-delay=\"0s\">\n            <a href=\"http:\/\/cycling-friendly.com\/es\/personaliza-tu-viaje\/\" class=\"figure-image \" target=\"_blank\">\n        <img loading=\"lazy\" decoding=\"async\" src=\"https:\/\/filicumis.com\/wp-content\/uploads\/2017\/11\/logo-fondos-oscuros-200x200.png\" width=\"200\" height=\"200\" alt=\"\"\/>            <\/a>\n    <\/div>\n<div class=\"divider-wrapper \" style=\"visibility:hidden;background-color:#FFFFF\">\n    <div class=\"visible-xs\" style=\"height:45px;\"><\/div>\n    <div class=\"visible-sm\" style=\"height:45px;\"><\/div>\n    <div class=\"visible-md\" style=\"height:103px;\"><\/div>\n    <div class=\"visible-lg\" style=\"height:103px;\"><\/div>\n<\/div><\/div>        <\/div>\n    <\/div>\n<\/section>\n<section class=\"section  text-normal section-text-no-shadow section-inner-no-shadow section-normal section-opaque\"  >\n    \n    <div class=\"background-overlay grid-overlay-0 \" style=\"background-color: rgba(0,0,0,0);\"><\/div>\n\n    <div class=\"container container-vertical-default\">\n        <div class=\"row vertical-default\">\n            <div class=\"col-md-12     text-default small-screen-default\"  ><div class=\"col-text-1 text-normal  element-top-20 element-bottom-20\" data-os-animation=\"none\" data-os-animation-delay=\"0s\">\n    <\/div>\n<h1 class=\"text-center  element-top-60 element-bottom-0 text-normal os-animation big default\" data-os-animation=\"fadeIn\" data-os-animation-delay=\"0.1s\" >\n    KOMPLETTSERVICE F\u00dcR RADFAHRER<\/h1><div class=\"divider-wrapper \" style=\"visibility:hidden;background-color:#FFFFFF\">\n    <div class=\"visible-xs\" style=\"height:24px;\"><\/div>\n    <div class=\"visible-sm\" style=\"height:24px;\"><\/div>\n    <div class=\"visible-md\" style=\"height:24px;\"><\/div>\n    <div class=\"visible-lg\" style=\"height:24px;\"><\/div>\n<\/div><\/div>        <\/div>\n    <\/div>\n<\/section>\n<section class=\"section  text-normal section-text-no-shadow section-inner-no-shadow section-normal section-opaque\"  >\n    \n    <div class=\"background-overlay grid-overlay-0 \" style=\"background-color: rgba(0,0,0,0);\"><\/div>\n\n    <div class=\"container container-vertical-default\">\n        <div class=\"row vertical-default\">\n            <div class=\"col-md-6     text-default small-screen-default\"  ><div id=\"flexslider-18\" class=\"flexslider flex-controls-bottom  element-top-10 element-bottom-0\" data-flex-slideshow=true data-flex-sliderdirection=horizontal data-flex-speed=7000 data-flex-animation=fade data-flex-directions=hide data-flex-controls=hide data-flex-controlsalign=center data-flex-controlsvertical=bottom data-flex-controlsposition=outside data-flex-duration=600 data-flex-captionhorizontal=left data-os-animation=\"none\" data-os-animation-delay=\"0s\" >\n    <ul class=\"slides\">\n            <li>\n        \t\t<a  href=\"https:\/\/filicumis.com\/de\/?post_type=oxy_slideshow_image&#038;p=887\" >\n<figure>\n    <img loading=\"lazy\" decoding=\"async\" width=\"1362\" height=\"888\" src=\"https:\/\/filicumis.com\/wp-content\/uploads\/2017\/11\/Captura-de-pantalla-2017-11-06-a-las-12.49.03-1-e1509978770143.png\" class=\"attachment-full size-full wp-post-image\" alt=\"\" srcset=\"https:\/\/filicumis.com\/wp-content\/uploads\/2017\/11\/Captura-de-pantalla-2017-11-06-a-las-12.49.03-1-e1509978770143.png 1362w, https:\/\/filicumis.com\/wp-content\/uploads\/2017\/11\/Captura-de-pantalla-2017-11-06-a-las-12.49.03-1-e1509978770143-300x196.png 300w, https:\/\/filicumis.com\/wp-content\/uploads\/2017\/11\/Captura-de-pantalla-2017-11-06-a-las-12.49.03-1-e1509978770143-768x501.png 768w, https:\/\/filicumis.com\/wp-content\/uploads\/2017\/11\/Captura-de-pantalla-2017-11-06-a-las-12.49.03-1-e1509978770143-1024x668.png 1024w\" sizes=\"(max-width: 1362px) 100vw, 1362px\" \/>\n    \n<\/figure>\n\n\t<\/a>\n        <\/li>\n            <li>\n        \t\t<a  href=\"https:\/\/filicumis.com\/de\/?post_type=oxy_slideshow_image&#038;p=888\" >\n<figure>\n    <img loading=\"lazy\" decoding=\"async\" width=\"1380\" height=\"891\" src=\"https:\/\/filicumis.com\/wp-content\/uploads\/2017\/11\/Captura-de-pantalla-2017-11-06-a-las-12.49.11-1-e1509978675223.png\" class=\"attachment-full size-full wp-post-image\" alt=\"\" srcset=\"https:\/\/filicumis.com\/wp-content\/uploads\/2017\/11\/Captura-de-pantalla-2017-11-06-a-las-12.49.11-1-e1509978675223.png 1380w, https:\/\/filicumis.com\/wp-content\/uploads\/2017\/11\/Captura-de-pantalla-2017-11-06-a-las-12.49.11-1-e1509978675223-300x194.png 300w, https:\/\/filicumis.com\/wp-content\/uploads\/2017\/11\/Captura-de-pantalla-2017-11-06-a-las-12.49.11-1-e1509978675223-768x496.png 768w, https:\/\/filicumis.com\/wp-content\/uploads\/2017\/11\/Captura-de-pantalla-2017-11-06-a-las-12.49.11-1-e1509978675223-1024x661.png 1024w\" sizes=\"(max-width: 1380px) 100vw, 1380px\" \/>\n    \n<\/figure>\n\n\t<\/a>\n        <\/li>\n            <li>\n        \t\t<a  href=\"https:\/\/filicumis.com\/de\/?post_type=oxy_slideshow_image&#038;p=889\" >\n<figure>\n    <img loading=\"lazy\" decoding=\"async\" width=\"1379\" height=\"891\" src=\"https:\/\/filicumis.com\/wp-content\/uploads\/2017\/11\/Captura-de-pantalla-2017-11-06-a-las-12.49.19-1-e1509977774992.png\" class=\"attachment-full size-full wp-post-image\" alt=\"\" srcset=\"https:\/\/filicumis.com\/wp-content\/uploads\/2017\/11\/Captura-de-pantalla-2017-11-06-a-las-12.49.19-1-e1509977774992.png 1379w, https:\/\/filicumis.com\/wp-content\/uploads\/2017\/11\/Captura-de-pantalla-2017-11-06-a-las-12.49.19-1-e1509977774992-300x194.png 300w, https:\/\/filicumis.com\/wp-content\/uploads\/2017\/11\/Captura-de-pantalla-2017-11-06-a-las-12.49.19-1-e1509977774992-768x496.png 768w, https:\/\/filicumis.com\/wp-content\/uploads\/2017\/11\/Captura-de-pantalla-2017-11-06-a-las-12.49.19-1-e1509977774992-1024x662.png 1024w\" sizes=\"(max-width: 1379px) 100vw, 1379px\" \/>\n    \n<\/figure>\n\n\t<\/a>\n        <\/li>\n            <li>\n        \t\t<a  href=\"https:\/\/filicumis.com\/de\/?post_type=oxy_slideshow_image&#038;p=890\" >\n<figure>\n    <img loading=\"lazy\" decoding=\"async\" width=\"1381\" height=\"890\" src=\"https:\/\/filicumis.com\/wp-content\/uploads\/2017\/11\/Captura-de-pantalla-2017-11-06-a-las-12.49.35-1-e1509978272889.png\" class=\"attachment-full size-full wp-post-image\" alt=\"\" srcset=\"https:\/\/filicumis.com\/wp-content\/uploads\/2017\/11\/Captura-de-pantalla-2017-11-06-a-las-12.49.35-1-e1509978272889.png 1381w, https:\/\/filicumis.com\/wp-content\/uploads\/2017\/11\/Captura-de-pantalla-2017-11-06-a-las-12.49.35-1-e1509978272889-300x193.png 300w, https:\/\/filicumis.com\/wp-content\/uploads\/2017\/11\/Captura-de-pantalla-2017-11-06-a-las-12.49.35-1-e1509978272889-768x495.png 768w, https:\/\/filicumis.com\/wp-content\/uploads\/2017\/11\/Captura-de-pantalla-2017-11-06-a-las-12.49.35-1-e1509978272889-1024x660.png 1024w\" sizes=\"(max-width: 1381px) 100vw, 1381px\" \/>\n    \n<\/figure>\n\n\t<\/a>\n        <\/li>\n            <li>\n        \t\t<a  href=\"https:\/\/filicumis.com\/de\/?post_type=oxy_slideshow_image&#038;p=891\" >\n<figure>\n    <img loading=\"lazy\" decoding=\"async\" width=\"1380\" height=\"891\" src=\"https:\/\/filicumis.com\/wp-content\/uploads\/2017\/11\/Captura-de-pantalla-2017-11-06-a-las-12.51.07-1-e1509978057152.png\" class=\"attachment-full size-full wp-post-image\" alt=\"\" srcset=\"https:\/\/filicumis.com\/wp-content\/uploads\/2017\/11\/Captura-de-pantalla-2017-11-06-a-las-12.51.07-1-e1509978057152.png 1380w, https:\/\/filicumis.com\/wp-content\/uploads\/2017\/11\/Captura-de-pantalla-2017-11-06-a-las-12.51.07-1-e1509978057152-300x194.png 300w, https:\/\/filicumis.com\/wp-content\/uploads\/2017\/11\/Captura-de-pantalla-2017-11-06-a-las-12.51.07-1-e1509978057152-768x496.png 768w, https:\/\/filicumis.com\/wp-content\/uploads\/2017\/11\/Captura-de-pantalla-2017-11-06-a-las-12.51.07-1-e1509978057152-1024x661.png 1024w\" sizes=\"(max-width: 1380px) 100vw, 1380px\" \/>\n    \n<\/figure>\n\n\t<\/a>\n        <\/li>\n        <\/ul>\n<\/div>\n<div class=\"col-text-1 text-normal  element-top-0 element-bottom-0\" data-os-animation=\"none\" data-os-animation-delay=\"0s\">\n    <p style=\"text-align: center;\">Klicken Sie auf das Logo, um alle Dienstleistungen zu entdecken, die Cycling Friendly anbietet.<a href=\"http:\/\/cycling-friendly.com\/es\/establecimiento\/1553\/finca-filicumishttp:\/\/cycling-friendly.com\/es\/establecimiento\/1553\/finca-filicumis\" target=\"_blank\" rel=\"noopener\"><br \/>\n<img loading=\"lazy\" decoding=\"async\" class=\"wp-image-893 aligncenter\" src=\"https:\/\/filicumis.com\/wp-content\/uploads\/2017\/11\/Cycling-Friendly-D.png\" alt=\"\" width=\"99\" height=\"129\" \/><\/a><\/p>\n<\/div>\n<\/div><div class=\"col-md-6     text-default small-screen-default\"  ><h2 class=\"text-left  element-top-20 element-bottom-20 text-normal normal default\" data-os-animation=\"none\" data-os-animation-delay=\"0s\" >\n     IN ZUSAMMENARBEIT MIT FAHRRADFREUNDLICHEN<\/h2><div class=\"col-text-1 text-normal  element-top-0 element-bottom-0 os-animation\" data-os-animation=\"fadeIn\" data-os-animation-delay=\"0.3s\">\n    <p>Dank unserer Zusammenarbeit mit <em>Cycling Friendly<\/em>, einem auf Radtouren auf Mallorca spezialisierten Unternehmen, bieten wir die notwendigen Dienstleistungen f\u00fcr einen Radurlaub auf Mallorca an.<\/p>\n<p>Einige Beispiele f\u00fcr die breite Palette an Dienstleistungen von <em>Cycling Friendly<\/em> sind:<\/p>\n<\/div>\n <ul class=\"skills-list normal  element-top-20 element-bottom-20 text-normal os-animation\" data-os-animation=\"fadeIn\" data-os-animation-delay=\"0.4s\">\n\t\t<li>\n            Fahrradverleih\t\t<\/li>\t\t<li>\n             angepasst an Ihre Bed\u00fcrfnisse\t\t<\/li>\t\t<li>\n            Ma\u00dfgeschneiderte Routen\t\t<\/li>\t\t<li>\n            F\u00fchrer f\u00fcr alle Niveaus\t\t<\/li>\t\t<li>\n            Physiotherapie\t\t<\/li>\t\t<li>\n            Ern\u00e4hrung\t\t<\/li>\t\t<li>\n            Sportmedizin\t\t<\/li>\t\t<li>\n            Begleitfahrzeuge\t\t<\/li>\t\t<li>\n            Transfer f\u00fcr Radfahrer\t\t<\/li>\t\t<li>\n            Andere Dienstleistungen auf Anfrage\t\t<\/li><\/ul><div class=\"col-text-1 text-normal  element-top-20 element-bottom-20\" data-os-animation=\"none\" data-os-animation-delay=\"0s\">\n    <p>&#8230; und viele mehr.<\/p>\n<\/div>\n<\/div>        <\/div>\n    <\/div>\n<\/section>\n<section class=\"section  text-normal section-text-no-shadow section-inner-no-shadow section-normal section-opaque\"  >\n    \n    <div class=\"background-overlay grid-overlay-0 \" style=\"background-color: rgba(0,0,0,0);\"><\/div>\n\n    <div class=\"container container-vertical-default\">\n        <div class=\"row vertical-default\">\n            <div class=\"col-md-12     text-default small-screen-default\"  ><hr class=\" element-top-20 element-bottom-20\" data-os-animation=\"none\" data-os-animation-delay=\"0s\"><\/div>        <\/div>\n    <\/div>\n<\/section>\n<section class=\"section  text-normal section-text-no-shadow section-inner-no-shadow section-normal section-opaque\"  >\n    \n    <div class=\"background-overlay grid-overlay-0 \" style=\"background-color: rgba(0,0,0,0);\"><\/div>\n\n    <div class=\"container container-vertical-middle\">\n        <div class=\"row vertical-middle\">\n            <div class=\"col-md-6     text-default small-screen-default\"  ><div class=\"figure element-top-20 element-bottom-20  \" data-os-animation=\"none\" data-os-animation-delay=\"0s\">\n            <a href=\"https:\/\/filicumis.com\/wp-content\/uploads\/2017\/11\/191017221209ruberts.jpg\" class=\"figure-image magnific\" target=\"_self\">\n        <img loading=\"lazy\" decoding=\"async\" width=\"640\" height=\"480\" src=\"https:\/\/filicumis.com\/wp-content\/uploads\/2017\/11\/191017221209ruberts.jpg\" class=\"attachment-full size-full\" alt=\"\" srcset=\"https:\/\/filicumis.com\/wp-content\/uploads\/2017\/11\/191017221209ruberts.jpg 640w, https:\/\/filicumis.com\/wp-content\/uploads\/2017\/11\/191017221209ruberts-300x225.jpg 300w\" sizes=\"(max-width: 640px) 100vw, 640px\" \/>            <\/a>\n    <\/div>\n<\/div><div class=\"col-md-6     text-default small-screen-default\"  ><h3 class=\"text-left  element-top-20 element-bottom-20 text-normal normal default\" data-os-animation=\"none\" data-os-animation-delay=\"0s\" >\n    Route: Petra<\/h3><div class=\"col-text-1 text-normal  element-top-20 element-bottom-20\" data-os-animation=\"none\" data-os-animation-delay=\"0s\">\n    <p>Die hervorragende Lage der <strong>Finca Filicumis<\/strong> erm\u00f6glicht es uns, sowohl die gro\u00dfartigen Anstiege der <strong>Serra de Tramuntana<\/strong> als auch andere fahrradfreundliche Routen wie diese durch die <strong>Pla de Mallorca<\/strong> zu genie\u00dfen, die \u00fcber <strong>Sencelles, Lloret de Vistalegre, Sineu<\/strong> oder <strong>Llub\u00ed<\/strong> bis nach <strong>Petra<\/strong>, einem bei Radfahrern sehr beliebten Dorf, f\u00fchrt.<\/p>\n<\/div>\n<a href=\"http:\/\/www.cycling-friendly.com\/es\/rutas\/586\/finca-filicumis-petra\/\" class=\"btn btn-link btn-sm  text-normal   element-left-0 element-right-0 element-top-20 element-bottom-20\" target=\"_blank\"   data-os-animation=\"none\" data-os-animation-delay=\"0s\">\n\t    Details zur Route     <\/a><\/div>        <\/div>\n    <\/div>\n<\/section>\n<section class=\"section  text-normal section-text-no-shadow section-inner-no-shadow section-normal section-opaque\"  >\n    \n    <div class=\"background-overlay grid-overlay-0 \" style=\"background-color: rgba(0,0,0,0);\"><\/div>\n\n    <div class=\"container container-vertical-middle\">\n        <div class=\"row vertical-middle\">\n            <div class=\"col-md-6     text-default small-screen-default\"  ><div class=\"figure element-top-20 element-bottom-20  \" data-os-animation=\"none\" data-os-animation-delay=\"0s\">\n            <a href=\"https:\/\/filicumis.com\/wp-content\/uploads\/2017\/11\/19_10_1721_55_07puigmajorcf.jpg\" class=\"figure-image magnific\" target=\"_self\">\n        <img loading=\"lazy\" decoding=\"async\" width=\"700\" height=\"525\" src=\"https:\/\/filicumis.com\/wp-content\/uploads\/2017\/11\/19_10_1721_55_07puigmajorcf.jpg\" class=\"attachment-full size-full\" alt=\"\" srcset=\"https:\/\/filicumis.com\/wp-content\/uploads\/2017\/11\/19_10_1721_55_07puigmajorcf.jpg 700w, https:\/\/filicumis.com\/wp-content\/uploads\/2017\/11\/19_10_1721_55_07puigmajorcf-300x225.jpg 300w\" sizes=\"(max-width: 700px) 100vw, 700px\" \/>            <\/a>\n    <\/div>\n<\/div><div class=\"col-md-6     text-default small-screen-default\"  ><h3 class=\"text-left  element-top-20 element-bottom-20 text-normal normal default\" data-os-animation=\"none\" data-os-animation-delay=\"0s\" >\n    Route: Puig Major<\/h3><div class=\"col-text-1 text-normal  element-top-20 element-bottom-20\" data-os-animation=\"none\" data-os-animation-delay=\"0s\">\n    <p>Diese fahrradfreundliche Route verl\u00e4uft entlang des h\u00f6chsten (fahrbaren) Punktes der <strong>Serra de Tramuntana<\/strong> auf der Seite Escorcas, dem <strong>Puig Major<\/strong>, vorbei an den Stauseen <strong>Gorg Blau und C\u00faber<\/strong>. \u00dcber einen der symboltr\u00e4chtigsten Anstiege <strong>Mallorca<\/strong>, den <strong>Coll de S\u00f3ller<\/strong>, geht es zur\u00fcck zur <strong>Finca Filicumis<\/strong>, um dann, wieder in der Ebene, auch eine der beliebtesten Nebenstra\u00dfen f\u00fcr Radfahrer zu passieren, den <strong>Cam\u00ed Vell de Muro<\/strong>.<\/p>\n<\/div>\n<a href=\"http:\/\/www.cycling-friendly.com\/es\/rutas\/585\/finca-filicumis-puig-major\/\" class=\"btn btn-link btn-sm  text-normal   element-left-0 element-right-0 element-top-20 element-bottom-20\" target=\"_blank\"   data-os-animation=\"none\" data-os-animation-delay=\"0s\">\n\t    Details zur Route     <\/a><\/div>        <\/div>\n    <\/div>\n<\/section>\n<section class=\"section  text-normal section-text-no-shadow section-inner-no-shadow section-normal section-opaque\"  >\n    \n    <div class=\"background-overlay grid-overlay-0 \" style=\"background-color: rgba(0,0,0,0);\"><\/div>\n\n    <div class=\"container container-vertical-middle\">\n        <div class=\"row vertical-middle\">\n            <div class=\"col-md-6     text-default small-screen-default\"  ><div class=\"figure element-top-20 element-bottom-20  \" data-os-animation=\"none\" data-os-animation-delay=\"0s\">\n            <a href=\"https:\/\/filicumis.com\/wp-content\/uploads\/2017\/11\/19_10_1721_27_36femeniacyclingfriendly2-1.jpg\" class=\"figure-image magnific\" target=\"_self\">\n        <img loading=\"lazy\" decoding=\"async\" width=\"552\" height=\"394\" src=\"https:\/\/filicumis.com\/wp-content\/uploads\/2017\/11\/19_10_1721_27_36femeniacyclingfriendly2-1.jpg\" class=\"attachment-full size-full\" alt=\"\" srcset=\"https:\/\/filicumis.com\/wp-content\/uploads\/2017\/11\/19_10_1721_27_36femeniacyclingfriendly2-1.jpg 552w, https:\/\/filicumis.com\/wp-content\/uploads\/2017\/11\/19_10_1721_27_36femeniacyclingfriendly2-1-300x214.jpg 300w\" sizes=\"(max-width: 552px) 100vw, 552px\" \/>            <\/a>\n    <\/div>\n<\/div><div class=\"col-md-6     text-default small-screen-default\"  ><h3 class=\"text-left  element-top-20 element-bottom-20 text-normal normal default\" data-os-animation=\"none\" data-os-animation-delay=\"0s\" >\n    Route: Coll de Femenia<\/h3><div class=\"col-text-1 text-normal  element-top-20 element-bottom-20\" data-os-animation=\"none\" data-os-animation-delay=\"0s\">\n    <p>Diese <strong>fahrradfreundliche Route<\/strong> f\u00fchrt uns zu einem der sch\u00f6nsten Bergp\u00e4sse der Insel, dem <strong>Coll de Femenia<\/strong>.<\/p>\n<p>Um die Beine aufzuw\u00e4rmen und die herrlichen Aussichten zu genie\u00dfen, erklimmen wir zun\u00e4chst den <strong>Puig de Santa Magdalena<\/strong> und genie\u00dfen einige der besten Nebenstra\u00dfen Mallorca.<\/p>\n<\/div>\n<a href=\"http:\/\/www.cycling-friendly.com\/es\/rutas\/584\/finca-filicumis-coll-de-femenia\/\" class=\"btn btn-link btn-sm  text-normal   element-left-0 element-right-0 element-top-20 element-bottom-20\" target=\"_blank\"   data-os-animation=\"none\" data-os-animation-delay=\"0s\">\n\t    Detalles de la ruta     <\/a><\/div>        <\/div>\n    <\/div>\n<\/section>\n<section class=\"section  text-normal section-text-no-shadow section-inner-no-shadow section-normal section-opaque\"  >\n    \n    <div class=\"background-overlay grid-overlay-0 \" style=\"background-color: rgba(0,0,0,0);\"><\/div>\n\n    <div class=\"container container-vertical-middle\">\n        <div class=\"row vertical-middle\">\n            <div class=\"col-md-6     text-default small-screen-default\"  ><div class=\"figure element-top-20 element-bottom-20  \" data-os-animation=\"none\" data-os-animation-delay=\"0s\">\n            <a href=\"https:\/\/filicumis.com\/wp-content\/uploads\/2017\/11\/19_10_1721_18_02curacyclingfriendly.jpg\" class=\"figure-image magnific\" target=\"_self\">\n        <img loading=\"lazy\" decoding=\"async\" width=\"1097\" height=\"617\" src=\"https:\/\/filicumis.com\/wp-content\/uploads\/2017\/11\/19_10_1721_18_02curacyclingfriendly.jpg\" class=\"attachment-full size-full\" alt=\"\" srcset=\"https:\/\/filicumis.com\/wp-content\/uploads\/2017\/11\/19_10_1721_18_02curacyclingfriendly.jpg 1097w, https:\/\/filicumis.com\/wp-content\/uploads\/2017\/11\/19_10_1721_18_02curacyclingfriendly-300x169.jpg 300w, https:\/\/filicumis.com\/wp-content\/uploads\/2017\/11\/19_10_1721_18_02curacyclingfriendly-768x432.jpg 768w, https:\/\/filicumis.com\/wp-content\/uploads\/2017\/11\/19_10_1721_18_02curacyclingfriendly-1024x576.jpg 1024w\" sizes=\"(max-width: 1097px) 100vw, 1097px\" \/>            <\/a>\n    <\/div>\n<\/div><div class=\"col-md-6     text-default small-screen-default\"  ><h3 class=\"text-left  element-top-20 element-bottom-20 text-normal normal default\" data-os-animation=\"none\" data-os-animation-delay=\"0s\" >\n    Route: Cura<\/h3><div class=\"col-text-1 text-normal  element-top-20 element-bottom-20\" data-os-animation=\"none\" data-os-animation-delay=\"0s\">\n    <p>Die hervorragende Lage der <strong>Finca Filicumis<\/strong> am Fu\u00dfe der <strong>Serra de Tramuntana<\/strong> erm\u00f6glicht es uns auch, die gro\u00dfen Steigungen im <strong>Pla de Mallorca<\/strong> zu genie\u00dfen, wie zum Beispiel den Aufstieg zum<strong> Santuario de Cura<\/strong>.<\/p>\n<p>Sowohl auf dem Hin- als auch auf dem R\u00fcckweg w\u00e4hlen wir die sichersten Stra\u00dfen, Nebenstra\u00dfen mit gutem Asphalt, um diese fahrradfreundliche Etappe zu genie\u00dfen.<\/p>\n<\/div>\n<a href=\"http:\/\/www.cycling-friendly.com\/es\/rutas\/583\/finca-filicumis-cura\/\" class=\"btn btn-link btn-sm  text-normal   element-left-0 element-right-0 element-top-20 element-bottom-20\" target=\"_blank\"   data-os-animation=\"none\" data-os-animation-delay=\"0s\">\n\t    Details zur Route     <\/a><\/div>        <\/div>\n    <\/div>\n<\/section>\n<section class=\"section  text-normal section-text-no-shadow section-inner-no-shadow section-normal section-opaque\"  >\n    \n    <div class=\"background-overlay grid-overlay-0 \" style=\"background-color: rgba(0,0,0,0);\"><\/div>\n\n    <div class=\"container container-vertical-default\">\n        <div class=\"row vertical-default\">\n            <div class=\"col-md-4     text-default small-screen-default\"  ><\/div><div class=\"col-md-4     text-center small-screen-default\"  ><div class=\"figure element-top-20 element-bottom-20  \" data-os-animation=\"none\" data-os-animation-delay=\"0s\">\n            <a href=\"http:\/\/cycling-friendly.com\/es\/establecimiento\/1553\/finca-filicumishttp:\/\/cycling-friendly.com\/es\/establecimiento\/1553\/finca-filicumis\" class=\"figure-image \" target=\"_blank\">\n        <img loading=\"lazy\" decoding=\"async\" src=\"https:\/\/filicumis.com\/wp-content\/uploads\/2017\/11\/Cycling-Friendly-logo-200x200.png\" width=\"200\" height=\"200\" alt=\"\"\/>            <\/a>\n    <\/div>\n<\/div><div class=\"col-md-4     text-default small-screen-default\"  ><\/div>        <\/div>\n    <\/div>\n<\/section>\n<section class=\"section  text-normal section-text-no-shadow section-inner-no-shadow section-normal section-opaque\"  >\n    \n    <div class=\"background-overlay grid-overlay-0 \" style=\"background-color: rgba(0,0,0,0);\"><\/div>\n\n    <div class=\"container container-vertical-default\">\n        <div class=\"row vertical-default\">\n            <div class=\"col-md-12     text-default small-screen-default\"  ><div class=\"divider-wrapper \" style=\"visibility:hidden;background-color:#FFFFFF\">\n    <div class=\"visible-xs\" style=\"height:24px;\"><\/div>\n    <div class=\"visible-sm\" style=\"height:24px;\"><\/div>\n    <div class=\"visible-md\" style=\"height:24px;\"><\/div>\n    <div class=\"visible-lg\" style=\"height:24px;\"><\/div>\n<\/div><\/div>        <\/div>\n    <\/div>\n<\/section>\n","protected":false},"excerpt":{"rendered":"","protected":false},"author":1,"featured_media":0,"parent":0,"menu_order":0,"comment_status":"closed","ping_status":"closed","template":"","meta":{"footnotes":""},"class_list":["post-956","page","type-page","status-publish","hentry"],"_links":{"self":[{"href":"https:\/\/filicumis.com\/de\/wp-json\/wp\/v2\/pages\/956"}],"collection":[{"href":"https:\/\/filicumis.com\/de\/wp-json\/wp\/v2\/pages"}],"about":[{"href":"https:\/\/filicumis.com\/de\/wp-json\/wp\/v2\/types\/page"}],"author":[{"embeddable":true,"href":"https:\/\/filicumis.com\/de\/wp-json\/wp\/v2\/users\/1"}],"replies":[{"embeddable":true,"href":"https:\/\/filicumis.com\/de\/wp-json\/wp\/v2\/comments?post=956"}],"version-history":[{"count":2,"href":"https:\/\/filicumis.com\/de\/wp-json\/wp\/v2\/pages\/956\/revisions"}],"predecessor-version":[{"id":1857,"href":"https:\/\/filicumis.com\/de\/wp-json\/wp\/v2\/pages\/956\/revisions\/1857"}],"wp:attachment":[{"href":"https:\/\/filicumis.com\/de\/wp-json\/wp\/v2\/media?parent=956"}],"curies":[{"name":"wp","href":"https:\/\/api.w.org\/{rel}","templated":true}]}}